{"id":278,"date":"2024-11-25T09:32:09","date_gmt":"2024-11-25T08:32:09","guid":{"rendered":"https:\/\/www.b30-batteries.eu\/?page_id=278"},"modified":"2024-12-09T14:52:44","modified_gmt":"2024-12-09T13:52:44","slug":"medizin","status":"publish","type":"page","link":"https:\/\/www.b30-batteries.eu\/en\/branchen\/medizin\/","title":{"rendered":"Medicine"},"content":{"rendered":"<h1>Precision and safety for medical devices<\/h1>\n<p>Medical technology involves some of the most demanding battery solutions of all. Medical devices demand the highest precision and particle-free, chemical-biological purity. At B30, we have been meeting these high requirements since the company was founded. We innovate in the field of medical technology and manufacture rechargeable batteries that fulfil the highest demands.<\/p>","protected":false},"excerpt":{"rendered":"<p>Precision and safety for medical devices Medical technology involves some of the most demanding battery solutions of all. Medical devices demand maximum precision and particle-free, chemical-biological purity. At B30, we have been meeting these high requirements since the company was founded. We innovate in the field of medical technology and manufacture rechargeable batteries that fulfil the highest demands.<\/p>","protected":false},"author":3,"featured_media":423,"parent":276,"menu_order":10,"comment_status":"closed","ping_status":"closed","template":"","meta":{"footnotes":""},"class_list":["post-278","page","type-page","status-publish","has-post-thumbnail","hentry"],"yoast_head":"<!-- This site is optimized with the Yoast SEO plugin v25.1 - https:\/\/yoast.com\/wordpress\/plugins\/seo\/ -->\n<title>Medizin - B30 GmbH &amp; Co. KG<\/title>\n<meta name=\"robots\" content=\"index, follow, max-snippet:-1, max-image-preview:large, max-video-preview:-1\" \/>\n<link rel=\"canonical\" href=\"https:\/\/www.b30-batteries.eu\/en\/branchen\/medizin\/\" \/>\n<meta property=\"og:locale\" content=\"en_GB\" \/>\n<meta property=\"og:type\" content=\"article\" \/>\n<meta property=\"og:title\" content=\"Medizin - B30 GmbH &amp; Co. KG\" \/>\n<meta property=\"og:description\" content=\"Pr\u00e4zision und Sicherheit f\u00fcr medizinische Ger\u00e4te In der Medizintechnik geht es mit um die anspruchvollsten Akku-L\u00f6sungen \u00fcberhaupt. Medizinische Ger\u00e4te verlangen nach h\u00f6chster Pr\u00e4zision und partikelfreier, chemisch-biologischer Reinheit. Bei B30 sind wir diese hohen Anforderungen seit Gr\u00fcndung gewachsen. Wir innovieren im Bereich der Medizintechnik und konfektionieren Akkus, die jene h\u00f6chsten Anspr\u00fcche erf\u00fcllen.\" \/>\n<meta property=\"og:url\" content=\"https:\/\/www.b30-batteries.eu\/en\/branchen\/medizin\/\" \/>\n<meta property=\"og:site_name\" content=\"B30 GmbH &amp; Co. KG\" \/>\n<meta property=\"article:modified_time\" content=\"2024-12-09T13:52:44+00:00\" \/>\n<meta property=\"og:image\" content=\"https:\/\/www.b30-batteries.eu\/wp-content\/uploads\/2024\/12\/schmuck_medizin.jpg\" \/>\n\t<meta property=\"og:image:width\" content=\"1900\" \/>\n\t<meta property=\"og:image:height\" content=\"1200\" \/>\n\t<meta property=\"og:image:type\" content=\"image\/jpeg\" \/>\n<meta name=\"twitter:card\" content=\"summary_large_image\" \/>\n<script type=\"application\/ld+json\" class=\"yoast-schema-graph\">{\"@context\":\"https:\/\/schema.org\",\"@graph\":[{\"@type\":\"WebPage\",\"@id\":\"https:\/\/www.b30-batteries.eu\/branchen\/medizin\/\",\"url\":\"https:\/\/www.b30-batteries.eu\/branchen\/medizin\/\",\"name\":\"Medizin - B30 GmbH &amp; Co. KG\",\"isPartOf\":{\"@id\":\"https:\/\/www.b30-batteries.eu\/#website\"},\"primaryImageOfPage\":{\"@id\":\"https:\/\/www.b30-batteries.eu\/branchen\/medizin\/#primaryimage\"},\"image\":{\"@id\":\"https:\/\/www.b30-batteries.eu\/branchen\/medizin\/#primaryimage\"},\"thumbnailUrl\":\"https:\/\/www.b30-batteries.eu\/wp-content\/uploads\/2024\/12\/schmuck_medizin.jpg\",\"datePublished\":\"2024-11-25T08:32:09+00:00\",\"dateModified\":\"2024-12-09T13:52:44+00:00\",\"breadcrumb\":{\"@id\":\"https:\/\/www.b30-batteries.eu\/branchen\/medizin\/#breadcrumb\"},\"inLanguage\":\"en-GB\",\"potentialAction\":[{\"@type\":\"ReadAction\",\"target\":[\"https:\/\/www.b30-batteries.eu\/branchen\/medizin\/\"]}]},{\"@type\":\"ImageObject\",\"inLanguage\":\"en-GB\",\"@id\":\"https:\/\/www.b30-batteries.eu\/branchen\/medizin\/#primaryimage\",\"url\":\"https:\/\/www.b30-batteries.eu\/wp-content\/uploads\/2024\/12\/schmuck_medizin.jpg\",\"contentUrl\":\"https:\/\/www.b30-batteries.eu\/wp-content\/uploads\/2024\/12\/schmuck_medizin.jpg\",\"width\":1900,\"height\":1200},{\"@type\":\"BreadcrumbList\",\"@id\":\"https:\/\/www.b30-batteries.eu\/branchen\/medizin\/#breadcrumb\",\"itemListElement\":[{\"@type\":\"ListItem\",\"position\":1,\"name\":\"Startseite\",\"item\":\"https:\/\/www.b30-batteries.eu\/\"},{\"@type\":\"ListItem\",\"position\":2,\"name\":\"Branchen\",\"item\":\"https:\/\/www.b30-batteries.eu\/branchen\/\"},{\"@type\":\"ListItem\",\"position\":3,\"name\":\"Medizin\"}]},{\"@type\":\"WebSite\",\"@id\":\"https:\/\/www.b30-batteries.eu\/#website\",\"url\":\"https:\/\/www.b30-batteries.eu\/\",\"name\":\"B30 GmbH & Co. KG\",\"description\":\"Individuelle Batterie- &amp; Akku-Konfektionierung\",\"publisher\":{\"@id\":\"https:\/\/www.b30-batteries.eu\/#organization\"},\"potentialAction\":[{\"@type\":\"SearchAction\",\"target\":{\"@type\":\"EntryPoint\",\"urlTemplate\":\"https:\/\/www.b30-batteries.eu\/?s={search_term_string}\"},\"query-input\":{\"@type\":\"PropertyValueSpecification\",\"valueRequired\":true,\"valueName\":\"search_term_string\"}}],\"inLanguage\":\"en-GB\"},{\"@type\":\"Organization\",\"@id\":\"https:\/\/www.b30-batteries.eu\/#organization\",\"name\":\"B30 GmbH & Co. KG\",\"url\":\"https:\/\/www.b30-batteries.eu\/\",\"logo\":{\"@type\":\"ImageObject\",\"inLanguage\":\"en-GB\",\"@id\":\"https:\/\/www.b30-batteries.eu\/#\/schema\/logo\/image\/\",\"url\":\"https:\/\/www.b30-batteries.eu\/wp-content\/uploads\/2024\/12\/Logo_B30-NEU.png\",\"contentUrl\":\"https:\/\/www.b30-batteries.eu\/wp-content\/uploads\/2024\/12\/Logo_B30-NEU.png\",\"width\":350,\"height\":175,\"caption\":\"B30 GmbH & Co. KG\"},\"image\":{\"@id\":\"https:\/\/www.b30-batteries.eu\/#\/schema\/logo\/image\/\"}}]}<\/script>\n<!-- \/ Yoast SEO plugin. -->","yoast_head_json":{"title":"Medizin - B30 GmbH &amp; Co. KG","robots":{"index":"index","follow":"follow","max-snippet":"max-snippet:-1","max-image-preview":"max-image-preview:large","max-video-preview":"max-video-preview:-1"},"canonical":"https:\/\/www.b30-batteries.eu\/en\/branchen\/medizin\/","og_locale":"en_GB","og_type":"article","og_title":"Medizin - B30 GmbH &amp; Co. KG","og_description":"Pr\u00e4zision und Sicherheit f\u00fcr medizinische Ger\u00e4te In der Medizintechnik geht es mit um die anspruchvollsten Akku-L\u00f6sungen \u00fcberhaupt. Medizinische Ger\u00e4te verlangen nach h\u00f6chster Pr\u00e4zision und partikelfreier, chemisch-biologischer Reinheit. Bei B30 sind wir diese hohen Anforderungen seit Gr\u00fcndung gewachsen. Wir innovieren im Bereich der Medizintechnik und konfektionieren Akkus, die jene h\u00f6chsten Anspr\u00fcche erf\u00fcllen.","og_url":"https:\/\/www.b30-batteries.eu\/en\/branchen\/medizin\/","og_site_name":"B30 GmbH &amp; Co. KG","article_modified_time":"2024-12-09T13:52:44+00:00","og_image":[{"width":1900,"height":1200,"url":"https:\/\/www.b30-batteries.eu\/wp-content\/uploads\/2024\/12\/schmuck_medizin.jpg","type":"image\/jpeg"}],"twitter_card":"summary_large_image","schema":{"@context":"https:\/\/schema.org","@graph":[{"@type":"WebPage","@id":"https:\/\/www.b30-batteries.eu\/branchen\/medizin\/","url":"https:\/\/www.b30-batteries.eu\/branchen\/medizin\/","name":"Medizin - B30 GmbH &amp; Co. KG","isPartOf":{"@id":"https:\/\/www.b30-batteries.eu\/#website"},"primaryImageOfPage":{"@id":"https:\/\/www.b30-batteries.eu\/branchen\/medizin\/#primaryimage"},"image":{"@id":"https:\/\/www.b30-batteries.eu\/branchen\/medizin\/#primaryimage"},"thumbnailUrl":"https:\/\/www.b30-batteries.eu\/wp-content\/uploads\/2024\/12\/schmuck_medizin.jpg","datePublished":"2024-11-25T08:32:09+00:00","dateModified":"2024-12-09T13:52:44+00:00","breadcrumb":{"@id":"https:\/\/www.b30-batteries.eu\/branchen\/medizin\/#breadcrumb"},"inLanguage":"en-GB","potentialAction":[{"@type":"ReadAction","target":["https:\/\/www.b30-batteries.eu\/branchen\/medizin\/"]}]},{"@type":"ImageObject","inLanguage":"en-GB","@id":"https:\/\/www.b30-batteries.eu\/branchen\/medizin\/#primaryimage","url":"https:\/\/www.b30-batteries.eu\/wp-content\/uploads\/2024\/12\/schmuck_medizin.jpg","contentUrl":"https:\/\/www.b30-batteries.eu\/wp-content\/uploads\/2024\/12\/schmuck_medizin.jpg","width":1900,"height":1200},{"@type":"BreadcrumbList","@id":"https:\/\/www.b30-batteries.eu\/branchen\/medizin\/#breadcrumb","itemListElement":[{"@type":"ListItem","position":1,"name":"Startseite","item":"https:\/\/www.b30-batteries.eu\/"},{"@type":"ListItem","position":2,"name":"Branchen","item":"https:\/\/www.b30-batteries.eu\/branchen\/"},{"@type":"ListItem","position":3,"name":"Medizin"}]},{"@type":"WebSite","@id":"https:\/\/www.b30-batteries.eu\/#website","url":"https:\/\/www.b30-batteries.eu\/","name":"B30 GmbH & Co. KG","description":"Individuelle Batterie- &amp; Akku-Konfektionierung","publisher":{"@id":"https:\/\/www.b30-batteries.eu\/#organization"},"potentialAction":[{"@type":"SearchAction","target":{"@type":"EntryPoint","urlTemplate":"https:\/\/www.b30-batteries.eu\/?s={search_term_string}"},"query-input":{"@type":"PropertyValueSpecification","valueRequired":true,"valueName":"search_term_string"}}],"inLanguage":"en-GB"},{"@type":"Organization","@id":"https:\/\/www.b30-batteries.eu\/#organization","name":"B30 GmbH & Co. KG","url":"https:\/\/www.b30-batteries.eu\/","logo":{"@type":"ImageObject","inLanguage":"en-GB","@id":"https:\/\/www.b30-batteries.eu\/#\/schema\/logo\/image\/","url":"https:\/\/www.b30-batteries.eu\/wp-content\/uploads\/2024\/12\/Logo_B30-NEU.png","contentUrl":"https:\/\/www.b30-batteries.eu\/wp-content\/uploads\/2024\/12\/Logo_B30-NEU.png","width":350,"height":175,"caption":"B30 GmbH & Co. KG"},"image":{"@id":"https:\/\/www.b30-batteries.eu\/#\/schema\/logo\/image\/"}}]}},"_links":{"self":[{"href":"https:\/\/www.b30-batteries.eu\/en\/wp-json\/wp\/v2\/pages\/278"}],"collection":[{"href":"https:\/\/www.b30-batteries.eu\/en\/wp-json\/wp\/v2\/pages"}],"about":[{"href":"https:\/\/www.b30-batteries.eu\/en\/wp-json\/wp\/v2\/types\/page"}],"author":[{"embeddable":true,"href":"https:\/\/www.b30-batteries.eu\/en\/wp-json\/wp\/v2\/users\/3"}],"replies":[{"embeddable":true,"href":"https:\/\/www.b30-batteries.eu\/en\/wp-json\/wp\/v2\/comments?post=278"}],"version-history":[{"count":7,"href":"https:\/\/www.b30-batteries.eu\/en\/wp-json\/wp\/v2\/pages\/278\/revisions"}],"predecessor-version":[{"id":290,"href":"https:\/\/www.b30-batteries.eu\/en\/wp-json\/wp\/v2\/pages\/278\/revisions\/290"}],"up":[{"embeddable":true,"href":"https:\/\/www.b30-batteries.eu\/en\/wp-json\/wp\/v2\/pages\/276"}],"wp:featuredmedia":[{"embeddable":true,"href":"https:\/\/www.b30-batteries.eu\/en\/wp-json\/wp\/v2\/media\/423"}],"wp:attachment":[{"href":"https:\/\/www.b30-batteries.eu\/en\/wp-json\/wp\/v2\/media?parent=278"}],"curies":[{"name":"wp","href":"https:\/\/api.w.org\/{rel}","templated":true}]}}