{"id":293,"date":"2024-11-26T13:57:22","date_gmt":"2024-11-26T12:57:22","guid":{"rendered":"https:\/\/www.b30-batteries.eu\/?page_id=293"},"modified":"2024-12-09T13:50:43","modified_gmt":"2024-12-09T12:50:43","slug":"power-gartentools","status":"publish","type":"page","link":"https:\/\/www.b30-batteries.eu\/en\/branchen\/power-gartentools\/","title":{"rendered":"Power &amp; garden tools"},"content":{"rendered":"<h1>Powerful rechargeable batteries for demanding tools<\/h1>\n<p>Rechargeable battery technology has been revolutionising the world of tools and garden equipment for some time now. Hundreds of thousands of undiscovered applications are still waiting in the realm of ideas. Power and garden tools equipped with high-performance rechargeable battery technology can create a lot of new value. We offer customised battery solutions that guarantee maximum mobility, outstanding performance and, of course, maximum reliability. We rely on state-of-the-art technology and precision manufacturing to ensure that your devices deliver top performance under all conditions.<\/p>","protected":false},"excerpt":{"rendered":"<p>Powerful rechargeable batteries for sophisticated tools Rechargeable battery technology has been revolutionising the world of tools and garden equipment for some time now. Hundreds of thousands of undiscovered applications are still waiting in the realm of ideas. Power and garden tools equipped with high-performance rechargeable battery technology can create a lot of new value. We offer customised battery solutions that guarantee maximum mobility, outstanding performance and, of course, maximum reliability. So that your devices can be used under all [...]<\/p>","protected":false},"author":3,"featured_media":418,"parent":276,"menu_order":20,"comment_status":"closed","ping_status":"closed","template":"","meta":{"footnotes":""},"class_list":["post-293","page","type-page","status-publish","has-post-thumbnail","hentry"],"yoast_head":"<!-- This site is optimized with the Yoast SEO plugin v25.1 - https:\/\/yoast.com\/wordpress\/plugins\/seo\/ -->\n<title>Power- &amp; Gartentools - B30 GmbH &amp; Co. KG<\/title>\n<meta name=\"robots\" content=\"index, follow, max-snippet:-1, max-image-preview:large, max-video-preview:-1\" \/>\n<link rel=\"canonical\" href=\"https:\/\/www.b30-batteries.eu\/en\/branchen\/power-gartentools\/\" \/>\n<meta property=\"og:locale\" content=\"en_GB\" \/>\n<meta property=\"og:type\" content=\"article\" \/>\n<meta property=\"og:title\" content=\"Power- &amp; Gartentools - B30 GmbH &amp; Co. KG\" \/>\n<meta property=\"og:description\" content=\"Leistungsstarke Akkus f\u00fcr anspruchsvolle Werkzeug Akku-Technologie revolutioniert schon l\u00e4nger sie Welt der Werkzeuge und Gartenger\u00e4te. Im Ideenhimmel warten sicher noch hundertausende unentdeckte Anwendungen. Power- und Gartentools, die ausgestattet mit leistungsstarker Akku-Technologie viel neuen Wert sch\u00f6pfen k\u00f6nnen. Wir bieten ma\u00dfgeschneiderte Akku-L\u00f6sungen, die maximale Mobilit\u00e4t, herausragende Leistung und selbstverst\u00e4ndlich h\u00f6chste Zuverl\u00e4ssigkeit garantieren. Damit Ihre Ger\u00e4te unter allen [&hellip;]\" \/>\n<meta property=\"og:url\" content=\"https:\/\/www.b30-batteries.eu\/en\/branchen\/power-gartentools\/\" \/>\n<meta property=\"og:site_name\" content=\"B30 GmbH &amp; Co. KG\" \/>\n<meta property=\"article:modified_time\" content=\"2024-12-09T12:50:43+00:00\" \/>\n<meta property=\"og:image\" content=\"https:\/\/www.b30-batteries.eu\/wp-content\/uploads\/2024\/12\/schmuck-gartentools-1198227851.jpg\" \/>\n\t<meta property=\"og:image:width\" content=\"1900\" \/>\n\t<meta property=\"og:image:height\" content=\"1200\" \/>\n\t<meta property=\"og:image:type\" content=\"image\/jpeg\" \/>\n<meta name=\"twitter:card\" content=\"summary_large_image\" \/>\n<script type=\"application\/ld+json\" class=\"yoast-schema-graph\">{\"@context\":\"https:\/\/schema.org\",\"@graph\":[{\"@type\":\"WebPage\",\"@id\":\"https:\/\/www.b30-batteries.eu\/branchen\/power-gartentools\/\",\"url\":\"https:\/\/www.b30-batteries.eu\/branchen\/power-gartentools\/\",\"name\":\"Power- & Gartentools - B30 GmbH &amp; Co. KG\",\"isPartOf\":{\"@id\":\"https:\/\/www.b30-batteries.eu\/#website\"},\"primaryImageOfPage\":{\"@id\":\"https:\/\/www.b30-batteries.eu\/branchen\/power-gartentools\/#primaryimage\"},\"image\":{\"@id\":\"https:\/\/www.b30-batteries.eu\/branchen\/power-gartentools\/#primaryimage\"},\"thumbnailUrl\":\"https:\/\/www.b30-batteries.eu\/wp-content\/uploads\/2024\/12\/schmuck-gartentools-1198227851.jpg\",\"datePublished\":\"2024-11-26T12:57:22+00:00\",\"dateModified\":\"2024-12-09T12:50:43+00:00\",\"breadcrumb\":{\"@id\":\"https:\/\/www.b30-batteries.eu\/branchen\/power-gartentools\/#breadcrumb\"},\"inLanguage\":\"en-GB\",\"potentialAction\":[{\"@type\":\"ReadAction\",\"target\":[\"https:\/\/www.b30-batteries.eu\/branchen\/power-gartentools\/\"]}]},{\"@type\":\"ImageObject\",\"inLanguage\":\"en-GB\",\"@id\":\"https:\/\/www.b30-batteries.eu\/branchen\/power-gartentools\/#primaryimage\",\"url\":\"https:\/\/www.b30-batteries.eu\/wp-content\/uploads\/2024\/12\/schmuck-gartentools-1198227851.jpg\",\"contentUrl\":\"https:\/\/www.b30-batteries.eu\/wp-content\/uploads\/2024\/12\/schmuck-gartentools-1198227851.jpg\",\"width\":1900,\"height\":1200},{\"@type\":\"BreadcrumbList\",\"@id\":\"https:\/\/www.b30-batteries.eu\/branchen\/power-gartentools\/#breadcrumb\",\"itemListElement\":[{\"@type\":\"ListItem\",\"position\":1,\"name\":\"Startseite\",\"item\":\"https:\/\/www.b30-batteries.eu\/\"},{\"@type\":\"ListItem\",\"position\":2,\"name\":\"Branchen\",\"item\":\"https:\/\/www.b30-batteries.eu\/branchen\/\"},{\"@type\":\"ListItem\",\"position\":3,\"name\":\"Power- &#038; Gartentools\"}]},{\"@type\":\"WebSite\",\"@id\":\"https:\/\/www.b30-batteries.eu\/#website\",\"url\":\"https:\/\/www.b30-batteries.eu\/\",\"name\":\"B30 GmbH & Co. KG\",\"description\":\"Individuelle Batterie- &amp; Akku-Konfektionierung\",\"publisher\":{\"@id\":\"https:\/\/www.b30-batteries.eu\/#organization\"},\"potentialAction\":[{\"@type\":\"SearchAction\",\"target\":{\"@type\":\"EntryPoint\",\"urlTemplate\":\"https:\/\/www.b30-batteries.eu\/?s={search_term_string}\"},\"query-input\":{\"@type\":\"PropertyValueSpecification\",\"valueRequired\":true,\"valueName\":\"search_term_string\"}}],\"inLanguage\":\"en-GB\"},{\"@type\":\"Organization\",\"@id\":\"https:\/\/www.b30-batteries.eu\/#organization\",\"name\":\"B30 GmbH & Co. KG\",\"url\":\"https:\/\/www.b30-batteries.eu\/\",\"logo\":{\"@type\":\"ImageObject\",\"inLanguage\":\"en-GB\",\"@id\":\"https:\/\/www.b30-batteries.eu\/#\/schema\/logo\/image\/\",\"url\":\"https:\/\/www.b30-batteries.eu\/wp-content\/uploads\/2024\/12\/Logo_B30-NEU.png\",\"contentUrl\":\"https:\/\/www.b30-batteries.eu\/wp-content\/uploads\/2024\/12\/Logo_B30-NEU.png\",\"width\":350,\"height\":175,\"caption\":\"B30 GmbH & Co. KG\"},\"image\":{\"@id\":\"https:\/\/www.b30-batteries.eu\/#\/schema\/logo\/image\/\"}}]}<\/script>\n<!-- \/ Yoast SEO plugin. -->","yoast_head_json":{"title":"Power- & Gartentools - B30 GmbH &amp; Co. KG","robots":{"index":"index","follow":"follow","max-snippet":"max-snippet:-1","max-image-preview":"max-image-preview:large","max-video-preview":"max-video-preview:-1"},"canonical":"https:\/\/www.b30-batteries.eu\/en\/branchen\/power-gartentools\/","og_locale":"en_GB","og_type":"article","og_title":"Power- & Gartentools - B30 GmbH &amp; Co. KG","og_description":"Leistungsstarke Akkus f\u00fcr anspruchsvolle Werkzeug Akku-Technologie revolutioniert schon l\u00e4nger sie Welt der Werkzeuge und Gartenger\u00e4te. Im Ideenhimmel warten sicher noch hundertausende unentdeckte Anwendungen. Power- und Gartentools, die ausgestattet mit leistungsstarker Akku-Technologie viel neuen Wert sch\u00f6pfen k\u00f6nnen. Wir bieten ma\u00dfgeschneiderte Akku-L\u00f6sungen, die maximale Mobilit\u00e4t, herausragende Leistung und selbstverst\u00e4ndlich h\u00f6chste Zuverl\u00e4ssigkeit garantieren. Damit Ihre Ger\u00e4te unter allen [&hellip;]","og_url":"https:\/\/www.b30-batteries.eu\/en\/branchen\/power-gartentools\/","og_site_name":"B30 GmbH &amp; Co. KG","article_modified_time":"2024-12-09T12:50:43+00:00","og_image":[{"width":1900,"height":1200,"url":"https:\/\/www.b30-batteries.eu\/wp-content\/uploads\/2024\/12\/schmuck-gartentools-1198227851.jpg","type":"image\/jpeg"}],"twitter_card":"summary_large_image","schema":{"@context":"https:\/\/schema.org","@graph":[{"@type":"WebPage","@id":"https:\/\/www.b30-batteries.eu\/branchen\/power-gartentools\/","url":"https:\/\/www.b30-batteries.eu\/branchen\/power-gartentools\/","name":"Power- & Gartentools - B30 GmbH &amp; Co. KG","isPartOf":{"@id":"https:\/\/www.b30-batteries.eu\/#website"},"primaryImageOfPage":{"@id":"https:\/\/www.b30-batteries.eu\/branchen\/power-gartentools\/#primaryimage"},"image":{"@id":"https:\/\/www.b30-batteries.eu\/branchen\/power-gartentools\/#primaryimage"},"thumbnailUrl":"https:\/\/www.b30-batteries.eu\/wp-content\/uploads\/2024\/12\/schmuck-gartentools-1198227851.jpg","datePublished":"2024-11-26T12:57:22+00:00","dateModified":"2024-12-09T12:50:43+00:00","breadcrumb":{"@id":"https:\/\/www.b30-batteries.eu\/branchen\/power-gartentools\/#breadcrumb"},"inLanguage":"en-GB","potentialAction":[{"@type":"ReadAction","target":["https:\/\/www.b30-batteries.eu\/branchen\/power-gartentools\/"]}]},{"@type":"ImageObject","inLanguage":"en-GB","@id":"https:\/\/www.b30-batteries.eu\/branchen\/power-gartentools\/#primaryimage","url":"https:\/\/www.b30-batteries.eu\/wp-content\/uploads\/2024\/12\/schmuck-gartentools-1198227851.jpg","contentUrl":"https:\/\/www.b30-batteries.eu\/wp-content\/uploads\/2024\/12\/schmuck-gartentools-1198227851.jpg","width":1900,"height":1200},{"@type":"BreadcrumbList","@id":"https:\/\/www.b30-batteries.eu\/branchen\/power-gartentools\/#breadcrumb","itemListElement":[{"@type":"ListItem","position":1,"name":"Startseite","item":"https:\/\/www.b30-batteries.eu\/"},{"@type":"ListItem","position":2,"name":"Branchen","item":"https:\/\/www.b30-batteries.eu\/branchen\/"},{"@type":"ListItem","position":3,"name":"Power- &#038; Gartentools"}]},{"@type":"WebSite","@id":"https:\/\/www.b30-batteries.eu\/#website","url":"https:\/\/www.b30-batteries.eu\/","name":"B30 GmbH & Co. KG","description":"Individuelle Batterie- &amp; Akku-Konfektionierung","publisher":{"@id":"https:\/\/www.b30-batteries.eu\/#organization"},"potentialAction":[{"@type":"SearchAction","target":{"@type":"EntryPoint","urlTemplate":"https:\/\/www.b30-batteries.eu\/?s={search_term_string}"},"query-input":{"@type":"PropertyValueSpecification","valueRequired":true,"valueName":"search_term_string"}}],"inLanguage":"en-GB"},{"@type":"Organization","@id":"https:\/\/www.b30-batteries.eu\/#organization","name":"B30 GmbH & Co. KG","url":"https:\/\/www.b30-batteries.eu\/","logo":{"@type":"ImageObject","inLanguage":"en-GB","@id":"https:\/\/www.b30-batteries.eu\/#\/schema\/logo\/image\/","url":"https:\/\/www.b30-batteries.eu\/wp-content\/uploads\/2024\/12\/Logo_B30-NEU.png","contentUrl":"https:\/\/www.b30-batteries.eu\/wp-content\/uploads\/2024\/12\/Logo_B30-NEU.png","width":350,"height":175,"caption":"B30 GmbH & Co. KG"},"image":{"@id":"https:\/\/www.b30-batteries.eu\/#\/schema\/logo\/image\/"}}]}},"_links":{"self":[{"href":"https:\/\/www.b30-batteries.eu\/en\/wp-json\/wp\/v2\/pages\/293"}],"collection":[{"href":"https:\/\/www.b30-batteries.eu\/en\/wp-json\/wp\/v2\/pages"}],"about":[{"href":"https:\/\/www.b30-batteries.eu\/en\/wp-json\/wp\/v2\/types\/page"}],"author":[{"embeddable":true,"href":"https:\/\/www.b30-batteries.eu\/en\/wp-json\/wp\/v2\/users\/3"}],"replies":[{"embeddable":true,"href":"https:\/\/www.b30-batteries.eu\/en\/wp-json\/wp\/v2\/comments?post=293"}],"version-history":[{"count":1,"href":"https:\/\/www.b30-batteries.eu\/en\/wp-json\/wp\/v2\/pages\/293\/revisions"}],"predecessor-version":[{"id":294,"href":"https:\/\/www.b30-batteries.eu\/en\/wp-json\/wp\/v2\/pages\/293\/revisions\/294"}],"up":[{"embeddable":true,"href":"https:\/\/www.b30-batteries.eu\/en\/wp-json\/wp\/v2\/pages\/276"}],"wp:featuredmedia":[{"embeddable":true,"href":"https:\/\/www.b30-batteries.eu\/en\/wp-json\/wp\/v2\/media\/418"}],"wp:attachment":[{"href":"https:\/\/www.b30-batteries.eu\/en\/wp-json\/wp\/v2\/media?parent=293"}],"curies":[{"name":"wp","href":"https:\/\/api.w.org\/{rel}","templated":true}]}}