{"id":299,"date":"2024-11-26T15:01:51","date_gmt":"2024-11-26T14:01:51","guid":{"rendered":"https:\/\/www.b30-batteries.eu\/?page_id=299"},"modified":"2024-12-06T15:09:54","modified_gmt":"2024-12-06T14:09:54","slug":"sicherheit","status":"publish","type":"page","link":"https:\/\/www.b30-batteries.eu\/en\/branchen\/sicherheit\/","title":{"rendered":"Security"},"content":{"rendered":"<h1>Battery solutions in the context of safety applications<\/h1>\n<p>Security technology requires energy sources that are uncompromisingly reliable, durable and powerful. Our innovative battery solutions set standards in terms of safety, quality and precision - ideal for applications such as alarm systems, monitoring systems, access control or testing technology. With over 30 years of experience, we develop customised systems that optimally support your technologies and take your security technology to a new level.<\/p>","protected":false},"excerpt":{"rendered":"<p>Rechargeable battery solutions in the context of security applications Security technology requires energy sources that are uncompromisingly reliable, durable and powerful. Our innovative rechargeable battery solutions set standards in terms of safety, quality and precision - ideal for applications such as alarm systems, monitoring systems, access control or testing technology. With over 30 years of experience, we develop customised systems that optimally support your technologies and bring your security technology to a [...]<\/p>","protected":false},"author":3,"featured_media":300,"parent":276,"menu_order":50,"comment_status":"closed","ping_status":"closed","template":"","meta":{"footnotes":""},"class_list":["post-299","page","type-page","status-publish","has-post-thumbnail","hentry"],"yoast_head":"<!-- This site is optimized with the Yoast SEO plugin v25.1 - https:\/\/yoast.com\/wordpress\/plugins\/seo\/ -->\n<title>Sicherheit - B30 GmbH &amp; Co. KG<\/title>\n<meta name=\"robots\" content=\"index, follow, max-snippet:-1, max-image-preview:large, max-video-preview:-1\" \/>\n<link rel=\"canonical\" href=\"https:\/\/www.b30-batteries.eu\/en\/branchen\/sicherheit\/\" \/>\n<meta property=\"og:locale\" content=\"en_GB\" \/>\n<meta property=\"og:type\" content=\"article\" \/>\n<meta property=\"og:title\" content=\"Sicherheit - B30 GmbH &amp; Co. KG\" \/>\n<meta property=\"og:description\" content=\"Akku-L\u00f6sungen im Kontext Sicherheits-Anwendungen Sicherheitstechnik verlangt nach Energiequellen, die kompromisslos zuverl\u00e4ssig, langlebig und leistungsf\u00e4hig sind. Unsere innovativen Akku-L\u00f6sungen setzen Ma\u00dfst\u00e4be in Sachen Sicherheit, Qualit\u00e4t und Pr\u00e4zision \u2013 ideal f\u00fcr Anwendungen wie Alarmanlagen, \u00dcberwachungssysteme, Zutrittskontrollen oder Pr\u00fcftechnik. Mit \u00fcber 30 Jahren Erfahrung entwickeln wir ma\u00dfgeschneiderte Systeme, die Ihre Technologien optimal unterst\u00fctzen und Ihre Sicherheitstechnik auf ein [&hellip;]\" \/>\n<meta property=\"og:url\" content=\"https:\/\/www.b30-batteries.eu\/en\/branchen\/sicherheit\/\" \/>\n<meta property=\"og:site_name\" content=\"B30 GmbH &amp; Co. KG\" \/>\n<meta property=\"article:modified_time\" content=\"2024-12-06T14:09:54+00:00\" \/>\n<meta property=\"og:image\" content=\"https:\/\/www.b30-batteries.eu\/wp-content\/uploads\/2024\/11\/istockphoto-1489415049-2048x2048-1.jpg\" \/>\n\t<meta property=\"og:image:width\" content=\"2048\" \/>\n\t<meta property=\"og:image:height\" content=\"1080\" \/>\n\t<meta property=\"og:image:type\" content=\"image\/jpeg\" \/>\n<meta name=\"twitter:card\" content=\"summary_large_image\" \/>\n<script type=\"application\/ld+json\" class=\"yoast-schema-graph\">{\"@context\":\"https:\/\/schema.org\",\"@graph\":[{\"@type\":\"WebPage\",\"@id\":\"https:\/\/www.b30-batteries.eu\/branchen\/sicherheit\/\",\"url\":\"https:\/\/www.b30-batteries.eu\/branchen\/sicherheit\/\",\"name\":\"Sicherheit - B30 GmbH &amp; Co. KG\",\"isPartOf\":{\"@id\":\"https:\/\/www.b30-batteries.eu\/#website\"},\"primaryImageOfPage\":{\"@id\":\"https:\/\/www.b30-batteries.eu\/branchen\/sicherheit\/#primaryimage\"},\"image\":{\"@id\":\"https:\/\/www.b30-batteries.eu\/branchen\/sicherheit\/#primaryimage\"},\"thumbnailUrl\":\"https:\/\/www.b30-batteries.eu\/wp-content\/uploads\/2024\/11\/istockphoto-1489415049-2048x2048-1.jpg\",\"datePublished\":\"2024-11-26T14:01:51+00:00\",\"dateModified\":\"2024-12-06T14:09:54+00:00\",\"breadcrumb\":{\"@id\":\"https:\/\/www.b30-batteries.eu\/branchen\/sicherheit\/#breadcrumb\"},\"inLanguage\":\"en-GB\",\"potentialAction\":[{\"@type\":\"ReadAction\",\"target\":[\"https:\/\/www.b30-batteries.eu\/branchen\/sicherheit\/\"]}]},{\"@type\":\"ImageObject\",\"inLanguage\":\"en-GB\",\"@id\":\"https:\/\/www.b30-batteries.eu\/branchen\/sicherheit\/#primaryimage\",\"url\":\"https:\/\/www.b30-batteries.eu\/wp-content\/uploads\/2024\/11\/istockphoto-1489415049-2048x2048-1.jpg\",\"contentUrl\":\"https:\/\/www.b30-batteries.eu\/wp-content\/uploads\/2024\/11\/istockphoto-1489415049-2048x2048-1.jpg\",\"width\":2048,\"height\":1080,\"caption\":\"Two Diverse Software Developers Having a Meeting in a Conference Room. Female and Male Tech Industry Engineers Brainstorming Ideas for Their Neural Network Blockchain Startup\"},{\"@type\":\"BreadcrumbList\",\"@id\":\"https:\/\/www.b30-batteries.eu\/branchen\/sicherheit\/#breadcrumb\",\"itemListElement\":[{\"@type\":\"ListItem\",\"position\":1,\"name\":\"Startseite\",\"item\":\"https:\/\/www.b30-batteries.eu\/\"},{\"@type\":\"ListItem\",\"position\":2,\"name\":\"Branchen\",\"item\":\"https:\/\/www.b30-batteries.eu\/branchen\/\"},{\"@type\":\"ListItem\",\"position\":3,\"name\":\"Sicherheit\"}]},{\"@type\":\"WebSite\",\"@id\":\"https:\/\/www.b30-batteries.eu\/#website\",\"url\":\"https:\/\/www.b30-batteries.eu\/\",\"name\":\"B30 GmbH & Co. KG\",\"description\":\"Individuelle Batterie- &amp; Akku-Konfektionierung\",\"publisher\":{\"@id\":\"https:\/\/www.b30-batteries.eu\/#organization\"},\"potentialAction\":[{\"@type\":\"SearchAction\",\"target\":{\"@type\":\"EntryPoint\",\"urlTemplate\":\"https:\/\/www.b30-batteries.eu\/?s={search_term_string}\"},\"query-input\":{\"@type\":\"PropertyValueSpecification\",\"valueRequired\":true,\"valueName\":\"search_term_string\"}}],\"inLanguage\":\"en-GB\"},{\"@type\":\"Organization\",\"@id\":\"https:\/\/www.b30-batteries.eu\/#organization\",\"name\":\"B30 GmbH & Co. KG\",\"url\":\"https:\/\/www.b30-batteries.eu\/\",\"logo\":{\"@type\":\"ImageObject\",\"inLanguage\":\"en-GB\",\"@id\":\"https:\/\/www.b30-batteries.eu\/#\/schema\/logo\/image\/\",\"url\":\"https:\/\/www.b30-batteries.eu\/wp-content\/uploads\/2024\/12\/Logo_B30-NEU.png\",\"contentUrl\":\"https:\/\/www.b30-batteries.eu\/wp-content\/uploads\/2024\/12\/Logo_B30-NEU.png\",\"width\":350,\"height\":175,\"caption\":\"B30 GmbH & Co. KG\"},\"image\":{\"@id\":\"https:\/\/www.b30-batteries.eu\/#\/schema\/logo\/image\/\"}}]}<\/script>\n<!-- \/ Yoast SEO plugin. -->","yoast_head_json":{"title":"Sicherheit - B30 GmbH &amp; Co. KG","robots":{"index":"index","follow":"follow","max-snippet":"max-snippet:-1","max-image-preview":"max-image-preview:large","max-video-preview":"max-video-preview:-1"},"canonical":"https:\/\/www.b30-batteries.eu\/en\/branchen\/sicherheit\/","og_locale":"en_GB","og_type":"article","og_title":"Sicherheit - B30 GmbH &amp; Co. KG","og_description":"Akku-L\u00f6sungen im Kontext Sicherheits-Anwendungen Sicherheitstechnik verlangt nach Energiequellen, die kompromisslos zuverl\u00e4ssig, langlebig und leistungsf\u00e4hig sind. Unsere innovativen Akku-L\u00f6sungen setzen Ma\u00dfst\u00e4be in Sachen Sicherheit, Qualit\u00e4t und Pr\u00e4zision \u2013 ideal f\u00fcr Anwendungen wie Alarmanlagen, \u00dcberwachungssysteme, Zutrittskontrollen oder Pr\u00fcftechnik. Mit \u00fcber 30 Jahren Erfahrung entwickeln wir ma\u00dfgeschneiderte Systeme, die Ihre Technologien optimal unterst\u00fctzen und Ihre Sicherheitstechnik auf ein [&hellip;]","og_url":"https:\/\/www.b30-batteries.eu\/en\/branchen\/sicherheit\/","og_site_name":"B30 GmbH &amp; Co. KG","article_modified_time":"2024-12-06T14:09:54+00:00","og_image":[{"width":2048,"height":1080,"url":"https:\/\/www.b30-batteries.eu\/wp-content\/uploads\/2024\/11\/istockphoto-1489415049-2048x2048-1.jpg","type":"image\/jpeg"}],"twitter_card":"summary_large_image","schema":{"@context":"https:\/\/schema.org","@graph":[{"@type":"WebPage","@id":"https:\/\/www.b30-batteries.eu\/branchen\/sicherheit\/","url":"https:\/\/www.b30-batteries.eu\/branchen\/sicherheit\/","name":"Sicherheit - B30 GmbH &amp; Co. KG","isPartOf":{"@id":"https:\/\/www.b30-batteries.eu\/#website"},"primaryImageOfPage":{"@id":"https:\/\/www.b30-batteries.eu\/branchen\/sicherheit\/#primaryimage"},"image":{"@id":"https:\/\/www.b30-batteries.eu\/branchen\/sicherheit\/#primaryimage"},"thumbnailUrl":"https:\/\/www.b30-batteries.eu\/wp-content\/uploads\/2024\/11\/istockphoto-1489415049-2048x2048-1.jpg","datePublished":"2024-11-26T14:01:51+00:00","dateModified":"2024-12-06T14:09:54+00:00","breadcrumb":{"@id":"https:\/\/www.b30-batteries.eu\/branchen\/sicherheit\/#breadcrumb"},"inLanguage":"en-GB","potentialAction":[{"@type":"ReadAction","target":["https:\/\/www.b30-batteries.eu\/branchen\/sicherheit\/"]}]},{"@type":"ImageObject","inLanguage":"en-GB","@id":"https:\/\/www.b30-batteries.eu\/branchen\/sicherheit\/#primaryimage","url":"https:\/\/www.b30-batteries.eu\/wp-content\/uploads\/2024\/11\/istockphoto-1489415049-2048x2048-1.jpg","contentUrl":"https:\/\/www.b30-batteries.eu\/wp-content\/uploads\/2024\/11\/istockphoto-1489415049-2048x2048-1.jpg","width":2048,"height":1080,"caption":"Two Diverse Software Developers Having a Meeting in a Conference Room. Female and Male Tech Industry Engineers Brainstorming Ideas for Their Neural Network Blockchain Startup"},{"@type":"BreadcrumbList","@id":"https:\/\/www.b30-batteries.eu\/branchen\/sicherheit\/#breadcrumb","itemListElement":[{"@type":"ListItem","position":1,"name":"Startseite","item":"https:\/\/www.b30-batteries.eu\/"},{"@type":"ListItem","position":2,"name":"Branchen","item":"https:\/\/www.b30-batteries.eu\/branchen\/"},{"@type":"ListItem","position":3,"name":"Sicherheit"}]},{"@type":"WebSite","@id":"https:\/\/www.b30-batteries.eu\/#website","url":"https:\/\/www.b30-batteries.eu\/","name":"B30 GmbH & Co. KG","description":"Individuelle Batterie- &amp; Akku-Konfektionierung","publisher":{"@id":"https:\/\/www.b30-batteries.eu\/#organization"},"potentialAction":[{"@type":"SearchAction","target":{"@type":"EntryPoint","urlTemplate":"https:\/\/www.b30-batteries.eu\/?s={search_term_string}"},"query-input":{"@type":"PropertyValueSpecification","valueRequired":true,"valueName":"search_term_string"}}],"inLanguage":"en-GB"},{"@type":"Organization","@id":"https:\/\/www.b30-batteries.eu\/#organization","name":"B30 GmbH & Co. KG","url":"https:\/\/www.b30-batteries.eu\/","logo":{"@type":"ImageObject","inLanguage":"en-GB","@id":"https:\/\/www.b30-batteries.eu\/#\/schema\/logo\/image\/","url":"https:\/\/www.b30-batteries.eu\/wp-content\/uploads\/2024\/12\/Logo_B30-NEU.png","contentUrl":"https:\/\/www.b30-batteries.eu\/wp-content\/uploads\/2024\/12\/Logo_B30-NEU.png","width":350,"height":175,"caption":"B30 GmbH & Co. KG"},"image":{"@id":"https:\/\/www.b30-batteries.eu\/#\/schema\/logo\/image\/"}}]}},"_links":{"self":[{"href":"https:\/\/www.b30-batteries.eu\/en\/wp-json\/wp\/v2\/pages\/299"}],"collection":[{"href":"https:\/\/www.b30-batteries.eu\/en\/wp-json\/wp\/v2\/pages"}],"about":[{"href":"https:\/\/www.b30-batteries.eu\/en\/wp-json\/wp\/v2\/types\/page"}],"author":[{"embeddable":true,"href":"https:\/\/www.b30-batteries.eu\/en\/wp-json\/wp\/v2\/users\/3"}],"replies":[{"embeddable":true,"href":"https:\/\/www.b30-batteries.eu\/en\/wp-json\/wp\/v2\/comments?post=299"}],"version-history":[{"count":4,"href":"https:\/\/www.b30-batteries.eu\/en\/wp-json\/wp\/v2\/pages\/299\/revisions"}],"predecessor-version":[{"id":401,"href":"https:\/\/www.b30-batteries.eu\/en\/wp-json\/wp\/v2\/pages\/299\/revisions\/401"}],"up":[{"embeddable":true,"href":"https:\/\/www.b30-batteries.eu\/en\/wp-json\/wp\/v2\/pages\/276"}],"wp:featuredmedia":[{"embeddable":true,"href":"https:\/\/www.b30-batteries.eu\/en\/wp-json\/wp\/v2\/media\/300"}],"wp:attachment":[{"href":"https:\/\/www.b30-batteries.eu\/en\/wp-json\/wp\/v2\/media?parent=299"}],"curies":[{"name":"wp","href":"https:\/\/api.w.org\/{rel}","templated":true}]}}