{"id":302,"date":"2024-11-26T15:30:16","date_gmt":"2024-11-26T14:30:16","guid":{"rendered":"https:\/\/www.b30-batteries.eu\/?page_id=302"},"modified":"2024-12-09T14:47:57","modified_gmt":"2024-12-09T13:47:57","slug":"emobility","status":"publish","type":"page","link":"https:\/\/www.b30-batteries.eu\/en\/branchen\/emobility\/","title":{"rendered":"eMobility"},"content":{"rendered":"<h1>Future-proof batteries for electromobility - innovation that gets things moving<\/h1>\n<p>Electromobility defines the future of transport. From the road to the water to the air. With our reliable, high-performance batteries, we offer customised solutions for maximum range, efficiency and sustainability. Whether micromobility or heavy-duty applications: We supply resilient energy systems for all e-mobility requirements.<\/p>","protected":false},"excerpt":{"rendered":"<p>Future-proof batteries for electromobility - innovation that moves Electromobility defines the future of transport. From the road to the water to the air. With our reliable, high-performance batteries, we offer customised solutions for maximum range, efficiency and sustainability. Whether micromobility or heavy-duty applications: We supply resilient energy systems for all e-mobility requirements.<\/p>","protected":false},"author":3,"featured_media":421,"parent":276,"menu_order":40,"comment_status":"closed","ping_status":"closed","template":"","meta":{"footnotes":""},"class_list":["post-302","page","type-page","status-publish","has-post-thumbnail","hentry"],"yoast_head":"<!-- This site is optimized with the Yoast SEO plugin v25.1 - https:\/\/yoast.com\/wordpress\/plugins\/seo\/ -->\n<title>eMobility - B30 GmbH &amp; Co. KG<\/title>\n<meta name=\"robots\" content=\"index, follow, max-snippet:-1, max-image-preview:large, max-video-preview:-1\" \/>\n<link rel=\"canonical\" href=\"https:\/\/www.b30-batteries.eu\/en\/branchen\/emobility\/\" \/>\n<meta property=\"og:locale\" content=\"en_GB\" \/>\n<meta property=\"og:type\" content=\"article\" \/>\n<meta property=\"og:title\" content=\"eMobility - B30 GmbH &amp; Co. KG\" \/>\n<meta property=\"og:description\" content=\"Zukunftssichere Akkus f\u00fcr Elektromobilit\u00e4t \u2013 Innovation, die bewegt Elektromobilit\u00e4t definiert die Zukunft des Transports. Und zwar von der Stra\u00dfe \u00fcber das Wasser bis in die Luft. Mit unseren zuverl\u00e4ssigen, leistungsstarken Akkus bieten wir ma\u00dfgeschneiderte L\u00f6sungen f\u00fcr maximale Reichweite, Effizienz und Nachhaltigkeit. Ob Micromobility oder Schwerlastanwendungen: Wir liefern resiliente Energiesysteme f\u00fcr alle Anforderungen der E-Mobility.\" \/>\n<meta property=\"og:url\" content=\"https:\/\/www.b30-batteries.eu\/en\/branchen\/emobility\/\" \/>\n<meta property=\"og:site_name\" content=\"B30 GmbH &amp; Co. KG\" \/>\n<meta property=\"article:modified_time\" content=\"2024-12-09T13:47:57+00:00\" \/>\n<meta property=\"og:image\" content=\"https:\/\/www.b30-batteries.eu\/wp-content\/uploads\/2024\/12\/schmuck_emibility-1198227851.jpg\" \/>\n\t<meta property=\"og:image:width\" content=\"1900\" \/>\n\t<meta property=\"og:image:height\" content=\"1200\" \/>\n\t<meta property=\"og:image:type\" content=\"image\/jpeg\" \/>\n<meta name=\"twitter:card\" content=\"summary_large_image\" \/>\n<script type=\"application\/ld+json\" class=\"yoast-schema-graph\">{\"@context\":\"https:\/\/schema.org\",\"@graph\":[{\"@type\":\"WebPage\",\"@id\":\"https:\/\/www.b30-batteries.eu\/branchen\/emobility\/\",\"url\":\"https:\/\/www.b30-batteries.eu\/branchen\/emobility\/\",\"name\":\"eMobility - B30 GmbH &amp; Co. KG\",\"isPartOf\":{\"@id\":\"https:\/\/www.b30-batteries.eu\/#website\"},\"primaryImageOfPage\":{\"@id\":\"https:\/\/www.b30-batteries.eu\/branchen\/emobility\/#primaryimage\"},\"image\":{\"@id\":\"https:\/\/www.b30-batteries.eu\/branchen\/emobility\/#primaryimage\"},\"thumbnailUrl\":\"https:\/\/www.b30-batteries.eu\/wp-content\/uploads\/2024\/12\/schmuck_emibility-1198227851.jpg\",\"datePublished\":\"2024-11-26T14:30:16+00:00\",\"dateModified\":\"2024-12-09T13:47:57+00:00\",\"breadcrumb\":{\"@id\":\"https:\/\/www.b30-batteries.eu\/branchen\/emobility\/#breadcrumb\"},\"inLanguage\":\"en-GB\",\"potentialAction\":[{\"@type\":\"ReadAction\",\"target\":[\"https:\/\/www.b30-batteries.eu\/branchen\/emobility\/\"]}]},{\"@type\":\"ImageObject\",\"inLanguage\":\"en-GB\",\"@id\":\"https:\/\/www.b30-batteries.eu\/branchen\/emobility\/#primaryimage\",\"url\":\"https:\/\/www.b30-batteries.eu\/wp-content\/uploads\/2024\/12\/schmuck_emibility-1198227851.jpg\",\"contentUrl\":\"https:\/\/www.b30-batteries.eu\/wp-content\/uploads\/2024\/12\/schmuck_emibility-1198227851.jpg\",\"width\":1900,\"height\":1200},{\"@type\":\"BreadcrumbList\",\"@id\":\"https:\/\/www.b30-batteries.eu\/branchen\/emobility\/#breadcrumb\",\"itemListElement\":[{\"@type\":\"ListItem\",\"position\":1,\"name\":\"Startseite\",\"item\":\"https:\/\/www.b30-batteries.eu\/\"},{\"@type\":\"ListItem\",\"position\":2,\"name\":\"Branchen\",\"item\":\"https:\/\/www.b30-batteries.eu\/branchen\/\"},{\"@type\":\"ListItem\",\"position\":3,\"name\":\"eMobility\"}]},{\"@type\":\"WebSite\",\"@id\":\"https:\/\/www.b30-batteries.eu\/#website\",\"url\":\"https:\/\/www.b30-batteries.eu\/\",\"name\":\"B30 GmbH & Co. KG\",\"description\":\"Individuelle Batterie- &amp; Akku-Konfektionierung\",\"publisher\":{\"@id\":\"https:\/\/www.b30-batteries.eu\/#organization\"},\"potentialAction\":[{\"@type\":\"SearchAction\",\"target\":{\"@type\":\"EntryPoint\",\"urlTemplate\":\"https:\/\/www.b30-batteries.eu\/?s={search_term_string}\"},\"query-input\":{\"@type\":\"PropertyValueSpecification\",\"valueRequired\":true,\"valueName\":\"search_term_string\"}}],\"inLanguage\":\"en-GB\"},{\"@type\":\"Organization\",\"@id\":\"https:\/\/www.b30-batteries.eu\/#organization\",\"name\":\"B30 GmbH & Co. KG\",\"url\":\"https:\/\/www.b30-batteries.eu\/\",\"logo\":{\"@type\":\"ImageObject\",\"inLanguage\":\"en-GB\",\"@id\":\"https:\/\/www.b30-batteries.eu\/#\/schema\/logo\/image\/\",\"url\":\"https:\/\/www.b30-batteries.eu\/wp-content\/uploads\/2024\/12\/Logo_B30-NEU.png\",\"contentUrl\":\"https:\/\/www.b30-batteries.eu\/wp-content\/uploads\/2024\/12\/Logo_B30-NEU.png\",\"width\":350,\"height\":175,\"caption\":\"B30 GmbH & Co. KG\"},\"image\":{\"@id\":\"https:\/\/www.b30-batteries.eu\/#\/schema\/logo\/image\/\"}}]}<\/script>\n<!-- \/ Yoast SEO plugin. -->","yoast_head_json":{"title":"eMobility - B30 GmbH &amp; Co. KG","robots":{"index":"index","follow":"follow","max-snippet":"max-snippet:-1","max-image-preview":"max-image-preview:large","max-video-preview":"max-video-preview:-1"},"canonical":"https:\/\/www.b30-batteries.eu\/en\/branchen\/emobility\/","og_locale":"en_GB","og_type":"article","og_title":"eMobility - B30 GmbH &amp; Co. KG","og_description":"Zukunftssichere Akkus f\u00fcr Elektromobilit\u00e4t \u2013 Innovation, die bewegt Elektromobilit\u00e4t definiert die Zukunft des Transports. Und zwar von der Stra\u00dfe \u00fcber das Wasser bis in die Luft. Mit unseren zuverl\u00e4ssigen, leistungsstarken Akkus bieten wir ma\u00dfgeschneiderte L\u00f6sungen f\u00fcr maximale Reichweite, Effizienz und Nachhaltigkeit. Ob Micromobility oder Schwerlastanwendungen: Wir liefern resiliente Energiesysteme f\u00fcr alle Anforderungen der E-Mobility.","og_url":"https:\/\/www.b30-batteries.eu\/en\/branchen\/emobility\/","og_site_name":"B30 GmbH &amp; Co. KG","article_modified_time":"2024-12-09T13:47:57+00:00","og_image":[{"width":1900,"height":1200,"url":"https:\/\/www.b30-batteries.eu\/wp-content\/uploads\/2024\/12\/schmuck_emibility-1198227851.jpg","type":"image\/jpeg"}],"twitter_card":"summary_large_image","schema":{"@context":"https:\/\/schema.org","@graph":[{"@type":"WebPage","@id":"https:\/\/www.b30-batteries.eu\/branchen\/emobility\/","url":"https:\/\/www.b30-batteries.eu\/branchen\/emobility\/","name":"eMobility - B30 GmbH &amp; Co. KG","isPartOf":{"@id":"https:\/\/www.b30-batteries.eu\/#website"},"primaryImageOfPage":{"@id":"https:\/\/www.b30-batteries.eu\/branchen\/emobility\/#primaryimage"},"image":{"@id":"https:\/\/www.b30-batteries.eu\/branchen\/emobility\/#primaryimage"},"thumbnailUrl":"https:\/\/www.b30-batteries.eu\/wp-content\/uploads\/2024\/12\/schmuck_emibility-1198227851.jpg","datePublished":"2024-11-26T14:30:16+00:00","dateModified":"2024-12-09T13:47:57+00:00","breadcrumb":{"@id":"https:\/\/www.b30-batteries.eu\/branchen\/emobility\/#breadcrumb"},"inLanguage":"en-GB","potentialAction":[{"@type":"ReadAction","target":["https:\/\/www.b30-batteries.eu\/branchen\/emobility\/"]}]},{"@type":"ImageObject","inLanguage":"en-GB","@id":"https:\/\/www.b30-batteries.eu\/branchen\/emobility\/#primaryimage","url":"https:\/\/www.b30-batteries.eu\/wp-content\/uploads\/2024\/12\/schmuck_emibility-1198227851.jpg","contentUrl":"https:\/\/www.b30-batteries.eu\/wp-content\/uploads\/2024\/12\/schmuck_emibility-1198227851.jpg","width":1900,"height":1200},{"@type":"BreadcrumbList","@id":"https:\/\/www.b30-batteries.eu\/branchen\/emobility\/#breadcrumb","itemListElement":[{"@type":"ListItem","position":1,"name":"Startseite","item":"https:\/\/www.b30-batteries.eu\/"},{"@type":"ListItem","position":2,"name":"Branchen","item":"https:\/\/www.b30-batteries.eu\/branchen\/"},{"@type":"ListItem","position":3,"name":"eMobility"}]},{"@type":"WebSite","@id":"https:\/\/www.b30-batteries.eu\/#website","url":"https:\/\/www.b30-batteries.eu\/","name":"B30 GmbH & Co. KG","description":"Individuelle Batterie- &amp; Akku-Konfektionierung","publisher":{"@id":"https:\/\/www.b30-batteries.eu\/#organization"},"potentialAction":[{"@type":"SearchAction","target":{"@type":"EntryPoint","urlTemplate":"https:\/\/www.b30-batteries.eu\/?s={search_term_string}"},"query-input":{"@type":"PropertyValueSpecification","valueRequired":true,"valueName":"search_term_string"}}],"inLanguage":"en-GB"},{"@type":"Organization","@id":"https:\/\/www.b30-batteries.eu\/#organization","name":"B30 GmbH & Co. KG","url":"https:\/\/www.b30-batteries.eu\/","logo":{"@type":"ImageObject","inLanguage":"en-GB","@id":"https:\/\/www.b30-batteries.eu\/#\/schema\/logo\/image\/","url":"https:\/\/www.b30-batteries.eu\/wp-content\/uploads\/2024\/12\/Logo_B30-NEU.png","contentUrl":"https:\/\/www.b30-batteries.eu\/wp-content\/uploads\/2024\/12\/Logo_B30-NEU.png","width":350,"height":175,"caption":"B30 GmbH & Co. KG"},"image":{"@id":"https:\/\/www.b30-batteries.eu\/#\/schema\/logo\/image\/"}}]}},"_links":{"self":[{"href":"https:\/\/www.b30-batteries.eu\/en\/wp-json\/wp\/v2\/pages\/302"}],"collection":[{"href":"https:\/\/www.b30-batteries.eu\/en\/wp-json\/wp\/v2\/pages"}],"about":[{"href":"https:\/\/www.b30-batteries.eu\/en\/wp-json\/wp\/v2\/types\/page"}],"author":[{"embeddable":true,"href":"https:\/\/www.b30-batteries.eu\/en\/wp-json\/wp\/v2\/users\/3"}],"replies":[{"embeddable":true,"href":"https:\/\/www.b30-batteries.eu\/en\/wp-json\/wp\/v2\/comments?post=302"}],"version-history":[{"count":1,"href":"https:\/\/www.b30-batteries.eu\/en\/wp-json\/wp\/v2\/pages\/302\/revisions"}],"predecessor-version":[{"id":304,"href":"https:\/\/www.b30-batteries.eu\/en\/wp-json\/wp\/v2\/pages\/302\/revisions\/304"}],"up":[{"embeddable":true,"href":"https:\/\/www.b30-batteries.eu\/en\/wp-json\/wp\/v2\/pages\/276"}],"wp:featuredmedia":[{"embeddable":true,"href":"https:\/\/www.b30-batteries.eu\/en\/wp-json\/wp\/v2\/media\/421"}],"wp:attachment":[{"href":"https:\/\/www.b30-batteries.eu\/en\/wp-json\/wp\/v2\/media?parent=302"}],"curies":[{"name":"wp","href":"https:\/\/api.w.org\/{rel}","templated":true}]}}