{"id":433,"date":"2024-12-09T15:55:19","date_gmt":"2024-12-09T14:55:19","guid":{"rendered":"https:\/\/www.b30-batteries.eu\/?page_id=433"},"modified":"2024-12-17T09:26:19","modified_gmt":"2024-12-17T08:26:19","slug":"impressum","status":"publish","type":"page","link":"https:\/\/www.b30-batteries.eu\/en\/impressum\/","title":{"rendered":"Imprint"},"content":{"rendered":"<p>B 30 GmbH &amp; Co. KG<br \/>\nWeidenhecken 8<br \/>\n63939 W\u00f6rth am Main<\/p>\n<p><strong>Represented by:<\/strong><br \/>\nNicole Buchholz, Managing Director<br \/>\nDesir\u00e9e Hasenstab, Chief Representative<\/p>\n<p>Commercial register: HRA 6332<br \/>\nRegister court: Aschaffenburg<\/p>\n<h2 class=\"ct-headline section-headline-blue-two\" style=\"text-align: left;\">Contact us<\/h2>\n<p>Telephone:<br \/>\n+49 (0) 160 90598 759<br \/>\n+ 49 (0) 160 90598 760<br \/>\ne-mail: customer@b30-batteries.eu<\/p>\n<h2 class=\"ct-headline section-headline-blue-two\" style=\"text-align: left;\">Sales tax ID<\/h2>\n<p>Sales tax identification number according to \u00a7 27 a sales tax law:<br \/>\nDE312187777<\/p>\n<h2 class=\"ct-headline section-headline-blue-two\" style=\"text-align: left;\">Editorially responsible<\/h2>\n<p>Nicole Buchholz<br \/>\nWeidenhecken 8<br \/>\n63939 W\u00f6rth am Main<\/p>\n<h2 class=\"ct-headline section-headline-blue-two\" style=\"text-align: left;\">EU dispute resolution<\/h2>\n<p>The European Commission provides a platform for online dispute resolution (OS): <a href=\"https:\/\/ec.europa.eu\/consumers\/odr\/\" target=\"_blank\" rel=\"noopener noreferrer\">https:\/\/ec.europa.eu\/consumers\/odr\/<\/a>.<br \/>\nYou can find our e-mail address in the legal notice above.<\/p>\n<h2 class=\"ct-headline section-headline-blue-two\" style=\"text-align: left;\">Consumer dispute resolution\/universal arbitration centre<\/h2>\n<p>We are not willing or obliged to participate in dispute resolution proceedings before a consumer arbitration board.<\/p>\n<h2 class=\"ct-headline section-headline-blue-two\" style=\"text-align: left;\">Conception, design, realisation:<\/h2>\n<p>medioton advertising agency Giebelstadt near W\u00fcrzburg<br \/>\n<a href=\"https:\/\/medioton.de\/\" target=\"_blank\" rel=\"noopener\">www.medioton.de<\/a><\/p>\n<h2 class=\"ct-headline section-headline-blue-two\" style=\"text-align: left;\">Image sources<\/h2>\n<p>Images used from our own collection and the image databases <a href=\"https:\/\/www.shutterstock.com\/de\/\" target=\"_blank\" rel=\"noopener\">shutterstock.com<\/a>, <a href=\"https:\/\/www.istockphoto.com\/de\" target=\"_blank\" rel=\"noopener\">istockphoto.com<\/a> and <a href=\"https:\/\/depositphotos.com\/home.html\" target=\"_blank\" rel=\"noopener\">depositphotos.com.<\/a><\/p>\n<h2 class=\"ct-headline section-headline-blue-two\" style=\"text-align: left;\">Disclaimer:<\/h2>\n<p>Despite careful checking of the content, we accept no liability for the content of external links. The operators of the linked pages are solely responsible for their content.<\/p>","protected":false},"excerpt":{"rendered":"<p>B 30 GmbH &amp; Co. KG Weidenhecken 8 63939 W\u00f6rth am Main Represented by: Nicole Buchholz, Managing Director Desir\u00e9e Hasenstab, General Agent Commercial Register: HRA 6332 Register Court: Aschaffenburg Contact Phone: +49 (0) 160 90598 759 + 49 (0) 160 90598 760 Email: customer@b30-batteries.eu Sales tax ID Sales tax identification number according to \u00a7 27 a Umsatzsteuergesetz: DE312187777 Editorially responsible Nicole Buchholz Weidenhecken 8 63939 [...]<\/p>","protected":false},"author":3,"featured_media":0,"parent":0,"menu_order":0,"comment_status":"closed","ping_status":"closed","template":"","meta":{"footnotes":""},"class_list":["post-433","page","type-page","status-publish","hentry"],"yoast_head":"<!-- This site is optimized with the Yoast SEO plugin v25.1 - https:\/\/yoast.com\/wordpress\/plugins\/seo\/ -->\n<title>Impressum - B30 GmbH &amp; Co. KG<\/title>\n<meta name=\"robots\" content=\"index, follow, max-snippet:-1, max-image-preview:large, max-video-preview:-1\" \/>\n<link rel=\"canonical\" href=\"https:\/\/www.b30-batteries.eu\/en\/impressum\/\" \/>\n<meta property=\"og:locale\" content=\"en_GB\" \/>\n<meta property=\"og:type\" content=\"article\" \/>\n<meta property=\"og:title\" content=\"Impressum - B30 GmbH &amp; Co. KG\" \/>\n<meta property=\"og:description\" content=\"B 30 GmbH &amp; Co. KG Weidenhecken 8 63939 W\u00f6rth am Main Vertreten durch: Nicole Buchholz, Gesch\u00e4ftsf\u00fchrerin Desir\u00e9e Hasenstab, Generalhandlungsbevollm\u00e4chtigte Handelsregister: HRA 6332 Registergericht: Aschaffenburg Kontakt Telefon: +49 (0) 160 90598 759 + 49 (0) 160 90598 760 E-Mail: customer@b30-batteries.eu Umsatzsteuer-ID Umsatzsteuer-Identifikationsnummer gem\u00e4\u00df \u00a7 27 a Umsatzsteuergesetz: DE312187777 Redaktionell verantwortlich Nicole Buchholz Weidenhecken 8 63939 [&hellip;]\" \/>\n<meta property=\"og:url\" content=\"https:\/\/www.b30-batteries.eu\/en\/impressum\/\" \/>\n<meta property=\"og:site_name\" content=\"B30 GmbH &amp; Co. KG\" \/>\n<meta property=\"article:modified_time\" content=\"2024-12-17T08:26:19+00:00\" \/>\n<meta name=\"twitter:card\" content=\"summary_large_image\" \/>\n<meta name=\"twitter:label1\" content=\"Estimated reading time\" \/>\n\t<meta name=\"twitter:data1\" content=\"1 minute\" \/>\n<script type=\"application\/ld+json\" class=\"yoast-schema-graph\">{\"@context\":\"https:\/\/schema.org\",\"@graph\":[{\"@type\":\"WebPage\",\"@id\":\"https:\/\/www.b30-batteries.eu\/impressum\/\",\"url\":\"https:\/\/www.b30-batteries.eu\/impressum\/\",\"name\":\"Impressum - B30 GmbH &amp; Co. KG\",\"isPartOf\":{\"@id\":\"https:\/\/www.b30-batteries.eu\/#website\"},\"datePublished\":\"2024-12-09T14:55:19+00:00\",\"dateModified\":\"2024-12-17T08:26:19+00:00\",\"breadcrumb\":{\"@id\":\"https:\/\/www.b30-batteries.eu\/impressum\/#breadcrumb\"},\"inLanguage\":\"en-GB\",\"potentialAction\":[{\"@type\":\"ReadAction\",\"target\":[\"https:\/\/www.b30-batteries.eu\/impressum\/\"]}]},{\"@type\":\"BreadcrumbList\",\"@id\":\"https:\/\/www.b30-batteries.eu\/impressum\/#breadcrumb\",\"itemListElement\":[{\"@type\":\"ListItem\",\"position\":1,\"name\":\"Startseite\",\"item\":\"https:\/\/www.b30-batteries.eu\/\"},{\"@type\":\"ListItem\",\"position\":2,\"name\":\"Impressum\"}]},{\"@type\":\"WebSite\",\"@id\":\"https:\/\/www.b30-batteries.eu\/#website\",\"url\":\"https:\/\/www.b30-batteries.eu\/\",\"name\":\"B30 GmbH & Co. KG\",\"description\":\"Individuelle Batterie- &amp; Akku-Konfektionierung\",\"publisher\":{\"@id\":\"https:\/\/www.b30-batteries.eu\/#organization\"},\"potentialAction\":[{\"@type\":\"SearchAction\",\"target\":{\"@type\":\"EntryPoint\",\"urlTemplate\":\"https:\/\/www.b30-batteries.eu\/?s={search_term_string}\"},\"query-input\":{\"@type\":\"PropertyValueSpecification\",\"valueRequired\":true,\"valueName\":\"search_term_string\"}}],\"inLanguage\":\"en-GB\"},{\"@type\":\"Organization\",\"@id\":\"https:\/\/www.b30-batteries.eu\/#organization\",\"name\":\"B30 GmbH & Co. KG\",\"url\":\"https:\/\/www.b30-batteries.eu\/\",\"logo\":{\"@type\":\"ImageObject\",\"inLanguage\":\"en-GB\",\"@id\":\"https:\/\/www.b30-batteries.eu\/#\/schema\/logo\/image\/\",\"url\":\"https:\/\/www.b30-batteries.eu\/wp-content\/uploads\/2024\/12\/Logo_B30-NEU.png\",\"contentUrl\":\"https:\/\/www.b30-batteries.eu\/wp-content\/uploads\/2024\/12\/Logo_B30-NEU.png\",\"width\":350,\"height\":175,\"caption\":\"B30 GmbH & Co. KG\"},\"image\":{\"@id\":\"https:\/\/www.b30-batteries.eu\/#\/schema\/logo\/image\/\"}}]}<\/script>\n<!-- \/ Yoast SEO plugin. -->","yoast_head_json":{"title":"Impressum - B30 GmbH &amp; Co. KG","robots":{"index":"index","follow":"follow","max-snippet":"max-snippet:-1","max-image-preview":"max-image-preview:large","max-video-preview":"max-video-preview:-1"},"canonical":"https:\/\/www.b30-batteries.eu\/en\/impressum\/","og_locale":"en_GB","og_type":"article","og_title":"Impressum - B30 GmbH &amp; Co. KG","og_description":"B 30 GmbH &amp; Co. KG Weidenhecken 8 63939 W\u00f6rth am Main Vertreten durch: Nicole Buchholz, Gesch\u00e4ftsf\u00fchrerin Desir\u00e9e Hasenstab, Generalhandlungsbevollm\u00e4chtigte Handelsregister: HRA 6332 Registergericht: Aschaffenburg Kontakt Telefon: +49 (0) 160 90598 759 + 49 (0) 160 90598 760 E-Mail: customer@b30-batteries.eu Umsatzsteuer-ID Umsatzsteuer-Identifikationsnummer gem\u00e4\u00df \u00a7 27 a Umsatzsteuergesetz: DE312187777 Redaktionell verantwortlich Nicole Buchholz Weidenhecken 8 63939 [&hellip;]","og_url":"https:\/\/www.b30-batteries.eu\/en\/impressum\/","og_site_name":"B30 GmbH &amp; Co. KG","article_modified_time":"2024-12-17T08:26:19+00:00","twitter_card":"summary_large_image","twitter_misc":{"Estimated reading time":"1 minute"},"schema":{"@context":"https:\/\/schema.org","@graph":[{"@type":"WebPage","@id":"https:\/\/www.b30-batteries.eu\/impressum\/","url":"https:\/\/www.b30-batteries.eu\/impressum\/","name":"Impressum - B30 GmbH &amp; Co. KG","isPartOf":{"@id":"https:\/\/www.b30-batteries.eu\/#website"},"datePublished":"2024-12-09T14:55:19+00:00","dateModified":"2024-12-17T08:26:19+00:00","breadcrumb":{"@id":"https:\/\/www.b30-batteries.eu\/impressum\/#breadcrumb"},"inLanguage":"en-GB","potentialAction":[{"@type":"ReadAction","target":["https:\/\/www.b30-batteries.eu\/impressum\/"]}]},{"@type":"BreadcrumbList","@id":"https:\/\/www.b30-batteries.eu\/impressum\/#breadcrumb","itemListElement":[{"@type":"ListItem","position":1,"name":"Startseite","item":"https:\/\/www.b30-batteries.eu\/"},{"@type":"ListItem","position":2,"name":"Impressum"}]},{"@type":"WebSite","@id":"https:\/\/www.b30-batteries.eu\/#website","url":"https:\/\/www.b30-batteries.eu\/","name":"B30 GmbH & Co. KG","description":"Individuelle Batterie- &amp; Akku-Konfektionierung","publisher":{"@id":"https:\/\/www.b30-batteries.eu\/#organization"},"potentialAction":[{"@type":"SearchAction","target":{"@type":"EntryPoint","urlTemplate":"https:\/\/www.b30-batteries.eu\/?s={search_term_string}"},"query-input":{"@type":"PropertyValueSpecification","valueRequired":true,"valueName":"search_term_string"}}],"inLanguage":"en-GB"},{"@type":"Organization","@id":"https:\/\/www.b30-batteries.eu\/#organization","name":"B30 GmbH & Co. KG","url":"https:\/\/www.b30-batteries.eu\/","logo":{"@type":"ImageObject","inLanguage":"en-GB","@id":"https:\/\/www.b30-batteries.eu\/#\/schema\/logo\/image\/","url":"https:\/\/www.b30-batteries.eu\/wp-content\/uploads\/2024\/12\/Logo_B30-NEU.png","contentUrl":"https:\/\/www.b30-batteries.eu\/wp-content\/uploads\/2024\/12\/Logo_B30-NEU.png","width":350,"height":175,"caption":"B30 GmbH & Co. KG"},"image":{"@id":"https:\/\/www.b30-batteries.eu\/#\/schema\/logo\/image\/"}}]}},"_links":{"self":[{"href":"https:\/\/www.b30-batteries.eu\/en\/wp-json\/wp\/v2\/pages\/433"}],"collection":[{"href":"https:\/\/www.b30-batteries.eu\/en\/wp-json\/wp\/v2\/pages"}],"about":[{"href":"https:\/\/www.b30-batteries.eu\/en\/wp-json\/wp\/v2\/types\/page"}],"author":[{"embeddable":true,"href":"https:\/\/www.b30-batteries.eu\/en\/wp-json\/wp\/v2\/users\/3"}],"replies":[{"embeddable":true,"href":"https:\/\/www.b30-batteries.eu\/en\/wp-json\/wp\/v2\/comments?post=433"}],"version-history":[{"count":11,"href":"https:\/\/www.b30-batteries.eu\/en\/wp-json\/wp\/v2\/pages\/433\/revisions"}],"predecessor-version":[{"id":529,"href":"https:\/\/www.b30-batteries.eu\/en\/wp-json\/wp\/v2\/pages\/433\/revisions\/529"}],"wp:attachment":[{"href":"https:\/\/www.b30-batteries.eu\/en\/wp-json\/wp\/v2\/media?parent=433"}],"curies":[{"name":"wp","href":"https:\/\/api.w.org\/{rel}","templated":true}]}}