{"id":448,"date":"2024-12-11T14:33:44","date_gmt":"2024-12-11T13:33:44","guid":{"rendered":"https:\/\/www.b30-batteries.eu\/?page_id=448"},"modified":"2024-12-11T15:04:39","modified_gmt":"2024-12-11T14:04:39","slug":"agb","status":"publish","type":"page","link":"https:\/\/www.b30-batteries.eu\/en\/agb\/","title":{"rendered":"GTC"},"content":{"rendered":"<p><strong>General Terms and Conditions <\/strong><strong>with customer information<\/strong><\/p>\n<h2 class=\"ct-headline section-headline-blue-two\" style=\"text-align: left;\">Table of contents<\/h2>\n<ol>\n<li>Scope of application<\/li>\n<li>Conclusion of contract<\/li>\n<li>Right of cancellation<\/li>\n<li>Prices and terms of payment<\/li>\n<li>Delivery and dispatch conditions<\/li>\n<li>Retention of title<\/li>\n<li>Liability for defects (warranty)<\/li>\n<li>Applicable law<\/li>\n<li>Place of jurisdiction<\/li>\n<li>Alternative dispute resolution<\/li>\n<\/ol>\n<h2 class=\"ct-headline section-headline-blue-two\" style=\"text-align: left;\">1) Scope of application<\/h2>\n<p>1.1 These General Terms and Conditions (hereinafter referred to as \"GTC\") of the company B 30 GmbH &amp; Co. KG (hereinafter referred to as \"Seller\") shall apply to all contracts concluded between a consumer or a trader (hereinafter referred to as \"Client\") and the Seller relating to all goods and\/or services presented in the Seller's online shop. The inclusion of the Customer's own terms and conditions is hereby rejected, unless otherwise agreed.<\/p>\n<p>1.2 A consumer within the meaning of these GTC is any natural person who enters into a legal transaction for purposes that are predominantly outside their trade, business or profession. An entrepreneur within the meaning of these GTC is a natural or legal person or a partnership with legal capacity who, when concluding a legal transaction, is acting in the exercise of their commercial or independent professional activity.<\/p>\n<h2 class=\"ct-headline section-headline-blue-two\" style=\"text-align: left;\">2) Conclusion of contract<\/h2>\n<p>2.1 The product descriptions contained in the seller's online shop do not constitute binding offers on the part of the seller, but serve to submit a binding offer by the customer.<\/p>\n<p>2.2 The customer can submit the offer via the online order form integrated into the seller's online shop. After placing the selected goods in the virtual shopping basket and going through the electronic ordering process, the customer submits a legally binding contractual offer with regard to the goods contained in the shopping basket by clicking the button that concludes the ordering process.<\/p>\n<p>2.3 The seller may accept the customer's offer within five days,<\/p>\n<p>by sending the customer a written order confirmation or an order confirmation in text form (fax or e-mail), whereby the receipt of the order confirmation by the customer is decisive in this respect, or<br \/>\nby delivering the ordered goods to the customer, whereby the receipt of the goods by the customer is decisive, or<br \/>\nby requesting payment from the customer after the order has been placed.<br \/>\nIf several of the aforementioned alternatives exist, the contract is concluded at the point in time at which one of the aforementioned alternatives occurs first. The period for accepting the offer begins on the day after the offer is sent by the customer and ends at the end of the fifth day following the sending of the offer. If the seller does not accept the customer's offer within the aforementioned period, this shall be deemed a rejection of the offer with the consequence that the customer is no longer bound by his declaration of intent.<\/p>\n<p>2.4 When submitting an offer via the seller's online order form, the text of the contract is saved by the seller after the contract is concluded and sent to the customer in text form (e.g. email, fax or letter) after the customer's order has been sent. The seller will not make the text of the contract available beyond this.<\/p>\n<p>2.5 Before submitting a binding order via the seller's online order form, the customer can recognise possible input errors by carefully reading the information displayed on the screen. An effective technical means of better recognising input errors can be the browser's magnification function, which enlarges the display on the screen. Customers can correct their entries during the electronic ordering process using the usual keyboard and mouse functions until they click on the button that finalises the ordering process.<\/p>\n<p>2.6 Only the German language is available for the conclusion of the contract.<\/p>\n<p>2.7 Order processing and contact are generally carried out by e-mail and automated order processing. The customer must ensure that the e-mail address provided by him for order processing is correct so that the e-mails sent by the seller can be received at this address. In particular, when using SPAM filters, the customer must ensure that all e-mails sent by the seller or by third parties commissioned by the seller to process the order can be delivered.<\/p>\n<h2 class=\"ct-headline section-headline-blue-two\" style=\"text-align: left;\">3) Right of cancellation<\/h2>\n<p>3.1 Consumers are generally entitled to a right of cancellation.<\/p>\n<p>3.2 Further information on the right of cancellation can be found in the seller's cancellation policy.<\/p>\n<h2 class=\"ct-headline section-headline-blue-two\" style=\"text-align: left;\">4) Prices and terms of payment<\/h2>\n<p>4.1 Unless otherwise stated in the seller's product description, the prices quoted are total prices that include statutory VAT. Any additional delivery and shipping costs will be indicated separately in the respective product description.<\/p>\n<p>4.2 The payment option(s) will be communicated to the customer in the seller's online shop.<\/p>\n<h2 class=\"ct-headline section-headline-blue-two\" style=\"text-align: left;\">5) Delivery and dispatch conditions<\/h2>\n<p>5.1 Unless otherwise agreed, goods shall be delivered by dispatch to the delivery address specified by the customer. The delivery address specified in the seller's order processing is decisive for the processing of the transaction.<\/p>\n<p>5.2 If the delivery of the goods fails for reasons for which the customer is responsible, the customer shall bear the reasonable costs incurred by the seller as a result. This does not apply with regard to the costs for the return shipment if the customer effectively exercises his right of cancellation. If the customer effectively exercises his right of cancellation, the provision in the seller's cancellation policy shall apply to the return costs.<\/p>\n<p>5.3 Self-collection is not possible for logistical reasons.<\/p>\n<h2 class=\"ct-headline section-headline-blue-two\" style=\"text-align: left;\">6) Retention of title<\/h2>\n<p>If the seller makes advance payment, he shall retain title to the delivered goods until the purchase price owed has been paid in full.<\/p>\n<h2 class=\"ct-headline section-headline-blue-two\" style=\"text-align: left;\">7) Liability for defects (warranty)<\/h2>\n<p>7.1 If the purchased item is defective, the provisions of statutory liability for defects shall apply.<\/p>\n<p>7.2 The customer is requested to complain to the deliverer about delivered goods with obvious transport damage and to inform the seller of this. If the customer fails to do so, this shall have no effect on his statutory or contractual claims for defects.<\/p>\n<h2 class=\"ct-headline section-headline-blue-two\" style=\"text-align: left;\">8) Applicable law<\/h2>\n<p>The law of the Federal Republic of Germany shall apply to all legal relationships between the parties to the exclusion of the laws on the international sale of goods. In the case of consumers, this choice of law shall only apply insofar as the protection afforded by mandatory provisions of the law of the country in which the consumer has his habitual residence is not withdrawn.<\/p>\n<h2 class=\"ct-headline section-headline-blue-two\" style=\"text-align: left;\">9) Place of jurisdiction<\/h2>\n<p>If the customer acts as a merchant, a legal entity under public law or a special fund under public law with its registered office in the territory of the Federal Republic of Germany, the exclusive place of jurisdiction for all disputes arising from this contract shall be the registered office of the seller. If the customer is domiciled outside the territory of the Federal Republic of Germany, the seller's place of business shall be the exclusive place of jurisdiction for all disputes arising from this contract if the contract or claims arising from the contract can be attributed to the customer's professional or commercial activity. In the above cases, however, the seller is in any case entitled to appeal to the court at the customer's place of business.<\/p>\n<h2 class=\"ct-headline section-headline-blue-two\" style=\"text-align: left;\">10) Alternative dispute resolution<\/h2>\n<p>10.1 The EU Commission provides a platform for online dispute resolution on the Internet at the following link: https:\/\/ec.europa.eu\/consumers\/odr<\/p>\n<p>This platform serves as a contact point for the out-of-court settlement of disputes arising from online purchase or service contracts in which a consumer is involved.<\/p>\n<p>10.2 The Seller is neither obliged nor willing to participate in dispute resolution proceedings before a consumer arbitration board.<\/p>","protected":false},"excerpt":{"rendered":"<p>General Terms and Conditions with Customer Information Table of Contents Scope of application Conclusion of contract Right of cancellation Prices and terms of payment Delivery and shipping conditions Retention of title Liability for defects (warranty) Applicable law Place of jurisdiction Alternative dispute resolution 1) Scope of application 1.1 These General Terms and Conditions (hereinafter referred to as \"GTC\") of B 30 GmbH &amp; Co. KG (hereinafter \"Seller\"), apply to all contracts for the delivery of goods that a consumer or entrepreneur (hereinafter \"Customer\") concludes with [...]<\/p>","protected":false},"author":3,"featured_media":0,"parent":0,"menu_order":0,"comment_status":"closed","ping_status":"closed","template":"","meta":{"footnotes":""},"class_list":["post-448","page","type-page","status-publish","hentry"],"yoast_head":"<!-- This site is optimized with the Yoast SEO plugin v25.1 - https:\/\/yoast.com\/wordpress\/plugins\/seo\/ -->\n<title>AGB - B30 GmbH &amp; Co. KG<\/title>\n<meta name=\"robots\" content=\"index, follow, max-snippet:-1, max-image-preview:large, max-video-preview:-1\" \/>\n<link rel=\"canonical\" href=\"https:\/\/www.b30-batteries.eu\/en\/agb\/\" \/>\n<meta property=\"og:locale\" content=\"en_GB\" \/>\n<meta property=\"og:type\" content=\"article\" \/>\n<meta property=\"og:title\" content=\"AGB - B30 GmbH &amp; Co. KG\" \/>\n<meta property=\"og:description\" content=\"Allgemeine Gesch\u00e4ftsbedingungen mit Kundeninformationen Inhaltsverzeichnis Geltungsbereich Vertragsschluss Widerrufsrecht Preise und Zahlungsbedingungen Liefer- und Versandbedingungen Eigentumsvorbehalt M\u00e4ngelhaftung (Gew\u00e4hrleistung) Anwendbares Recht Gerichtsstand Alternative Streitbeilegung 1) Geltungsbereich 1.1\u2009Diese Allgemeinen Gesch\u00e4ftsbedingungen (nachfolgend \u201eAGB\u201c) der B 30 GmbH &amp; Co. KG (nachfolgend \u201eVerk\u00e4ufer\u201c), gelten f\u00fcr alle Vertr\u00e4ge \u00fcber die Lieferung von Waren, die ein Verbraucher oder Unternehmer (nachfolgend \u201eKunde\u201c) mit [&hellip;]\" \/>\n<meta property=\"og:url\" content=\"https:\/\/www.b30-batteries.eu\/en\/agb\/\" \/>\n<meta property=\"og:site_name\" content=\"B30 GmbH &amp; Co. KG\" \/>\n<meta property=\"article:modified_time\" content=\"2024-12-11T14:04:39+00:00\" \/>\n<meta name=\"twitter:card\" content=\"summary_large_image\" \/>\n<meta name=\"twitter:label1\" content=\"Estimated reading time\" \/>\n\t<meta name=\"twitter:data1\" content=\"6 minutes\" \/>\n<script type=\"application\/ld+json\" class=\"yoast-schema-graph\">{\"@context\":\"https:\/\/schema.org\",\"@graph\":[{\"@type\":\"WebPage\",\"@id\":\"https:\/\/www.b30-batteries.eu\/agb\/\",\"url\":\"https:\/\/www.b30-batteries.eu\/agb\/\",\"name\":\"AGB - B30 GmbH &amp; Co. KG\",\"isPartOf\":{\"@id\":\"https:\/\/www.b30-batteries.eu\/#website\"},\"datePublished\":\"2024-12-11T13:33:44+00:00\",\"dateModified\":\"2024-12-11T14:04:39+00:00\",\"breadcrumb\":{\"@id\":\"https:\/\/www.b30-batteries.eu\/agb\/#breadcrumb\"},\"inLanguage\":\"en-GB\",\"potentialAction\":[{\"@type\":\"ReadAction\",\"target\":[\"https:\/\/www.b30-batteries.eu\/agb\/\"]}]},{\"@type\":\"BreadcrumbList\",\"@id\":\"https:\/\/www.b30-batteries.eu\/agb\/#breadcrumb\",\"itemListElement\":[{\"@type\":\"ListItem\",\"position\":1,\"name\":\"Startseite\",\"item\":\"https:\/\/www.b30-batteries.eu\/\"},{\"@type\":\"ListItem\",\"position\":2,\"name\":\"AGB\"}]},{\"@type\":\"WebSite\",\"@id\":\"https:\/\/www.b30-batteries.eu\/#website\",\"url\":\"https:\/\/www.b30-batteries.eu\/\",\"name\":\"B30 GmbH & Co. KG\",\"description\":\"Individuelle Batterie- &amp; Akku-Konfektionierung\",\"publisher\":{\"@id\":\"https:\/\/www.b30-batteries.eu\/#organization\"},\"potentialAction\":[{\"@type\":\"SearchAction\",\"target\":{\"@type\":\"EntryPoint\",\"urlTemplate\":\"https:\/\/www.b30-batteries.eu\/?s={search_term_string}\"},\"query-input\":{\"@type\":\"PropertyValueSpecification\",\"valueRequired\":true,\"valueName\":\"search_term_string\"}}],\"inLanguage\":\"en-GB\"},{\"@type\":\"Organization\",\"@id\":\"https:\/\/www.b30-batteries.eu\/#organization\",\"name\":\"B30 GmbH & Co. KG\",\"url\":\"https:\/\/www.b30-batteries.eu\/\",\"logo\":{\"@type\":\"ImageObject\",\"inLanguage\":\"en-GB\",\"@id\":\"https:\/\/www.b30-batteries.eu\/#\/schema\/logo\/image\/\",\"url\":\"https:\/\/www.b30-batteries.eu\/wp-content\/uploads\/2024\/12\/Logo_B30-NEU.png\",\"contentUrl\":\"https:\/\/www.b30-batteries.eu\/wp-content\/uploads\/2024\/12\/Logo_B30-NEU.png\",\"width\":350,\"height\":175,\"caption\":\"B30 GmbH & Co. KG\"},\"image\":{\"@id\":\"https:\/\/www.b30-batteries.eu\/#\/schema\/logo\/image\/\"}}]}<\/script>\n<!-- \/ Yoast SEO plugin. -->","yoast_head_json":{"title":"AGB - B30 GmbH &amp; Co. KG","robots":{"index":"index","follow":"follow","max-snippet":"max-snippet:-1","max-image-preview":"max-image-preview:large","max-video-preview":"max-video-preview:-1"},"canonical":"https:\/\/www.b30-batteries.eu\/en\/agb\/","og_locale":"en_GB","og_type":"article","og_title":"AGB - B30 GmbH &amp; Co. KG","og_description":"Allgemeine Gesch\u00e4ftsbedingungen mit Kundeninformationen Inhaltsverzeichnis Geltungsbereich Vertragsschluss Widerrufsrecht Preise und Zahlungsbedingungen Liefer- und Versandbedingungen Eigentumsvorbehalt M\u00e4ngelhaftung (Gew\u00e4hrleistung) Anwendbares Recht Gerichtsstand Alternative Streitbeilegung 1) Geltungsbereich 1.1\u2009Diese Allgemeinen Gesch\u00e4ftsbedingungen (nachfolgend \u201eAGB\u201c) der B 30 GmbH &amp; Co. KG (nachfolgend \u201eVerk\u00e4ufer\u201c), gelten f\u00fcr alle Vertr\u00e4ge \u00fcber die Lieferung von Waren, die ein Verbraucher oder Unternehmer (nachfolgend \u201eKunde\u201c) mit [&hellip;]","og_url":"https:\/\/www.b30-batteries.eu\/en\/agb\/","og_site_name":"B30 GmbH &amp; Co. KG","article_modified_time":"2024-12-11T14:04:39+00:00","twitter_card":"summary_large_image","twitter_misc":{"Estimated reading time":"6 minutes"},"schema":{"@context":"https:\/\/schema.org","@graph":[{"@type":"WebPage","@id":"https:\/\/www.b30-batteries.eu\/agb\/","url":"https:\/\/www.b30-batteries.eu\/agb\/","name":"AGB - B30 GmbH &amp; Co. KG","isPartOf":{"@id":"https:\/\/www.b30-batteries.eu\/#website"},"datePublished":"2024-12-11T13:33:44+00:00","dateModified":"2024-12-11T14:04:39+00:00","breadcrumb":{"@id":"https:\/\/www.b30-batteries.eu\/agb\/#breadcrumb"},"inLanguage":"en-GB","potentialAction":[{"@type":"ReadAction","target":["https:\/\/www.b30-batteries.eu\/agb\/"]}]},{"@type":"BreadcrumbList","@id":"https:\/\/www.b30-batteries.eu\/agb\/#breadcrumb","itemListElement":[{"@type":"ListItem","position":1,"name":"Startseite","item":"https:\/\/www.b30-batteries.eu\/"},{"@type":"ListItem","position":2,"name":"AGB"}]},{"@type":"WebSite","@id":"https:\/\/www.b30-batteries.eu\/#website","url":"https:\/\/www.b30-batteries.eu\/","name":"B30 GmbH & Co. KG","description":"Individuelle Batterie- &amp; Akku-Konfektionierung","publisher":{"@id":"https:\/\/www.b30-batteries.eu\/#organization"},"potentialAction":[{"@type":"SearchAction","target":{"@type":"EntryPoint","urlTemplate":"https:\/\/www.b30-batteries.eu\/?s={search_term_string}"},"query-input":{"@type":"PropertyValueSpecification","valueRequired":true,"valueName":"search_term_string"}}],"inLanguage":"en-GB"},{"@type":"Organization","@id":"https:\/\/www.b30-batteries.eu\/#organization","name":"B30 GmbH & Co. KG","url":"https:\/\/www.b30-batteries.eu\/","logo":{"@type":"ImageObject","inLanguage":"en-GB","@id":"https:\/\/www.b30-batteries.eu\/#\/schema\/logo\/image\/","url":"https:\/\/www.b30-batteries.eu\/wp-content\/uploads\/2024\/12\/Logo_B30-NEU.png","contentUrl":"https:\/\/www.b30-batteries.eu\/wp-content\/uploads\/2024\/12\/Logo_B30-NEU.png","width":350,"height":175,"caption":"B30 GmbH & Co. KG"},"image":{"@id":"https:\/\/www.b30-batteries.eu\/#\/schema\/logo\/image\/"}}]}},"_links":{"self":[{"href":"https:\/\/www.b30-batteries.eu\/en\/wp-json\/wp\/v2\/pages\/448"}],"collection":[{"href":"https:\/\/www.b30-batteries.eu\/en\/wp-json\/wp\/v2\/pages"}],"about":[{"href":"https:\/\/www.b30-batteries.eu\/en\/wp-json\/wp\/v2\/types\/page"}],"author":[{"embeddable":true,"href":"https:\/\/www.b30-batteries.eu\/en\/wp-json\/wp\/v2\/users\/3"}],"replies":[{"embeddable":true,"href":"https:\/\/www.b30-batteries.eu\/en\/wp-json\/wp\/v2\/comments?post=448"}],"version-history":[{"count":5,"href":"https:\/\/www.b30-batteries.eu\/en\/wp-json\/wp\/v2\/pages\/448\/revisions"}],"predecessor-version":[{"id":465,"href":"https:\/\/www.b30-batteries.eu\/en\/wp-json\/wp\/v2\/pages\/448\/revisions\/465"}],"wp:attachment":[{"href":"https:\/\/www.b30-batteries.eu\/en\/wp-json\/wp\/v2\/media?parent=448"}],"curies":[{"name":"wp","href":"https:\/\/api.w.org\/{rel}","templated":true}]}}