{"id":450,"date":"2024-12-11T14:37:58","date_gmt":"2024-12-11T13:37:58","guid":{"rendered":"https:\/\/www.b30-batteries.eu\/?page_id=450"},"modified":"2024-12-11T14:55:00","modified_gmt":"2024-12-11T13:55:00","slug":"batteriegesetz","status":"publish","type":"page","link":"https:\/\/www.b30-batteries.eu\/en\/batteriegesetz\/","title":{"rendered":"Battery law"},"content":{"rendered":"<h2 class=\"ct-headline section-headline-blue-two\" style=\"text-align: left;\">Information according to the Battery Act<\/h2>\n<p>As our consignments may contain batteries and rechargeable batteries, we are obliged under the Battery Act (BattG) to draw your attention to the following:<\/p>\n<p><img loading=\"lazy\" decoding=\"async\" class=\"alignright wp-image-451 size-full\" src=\"https:\/\/www.b30-batteries.eu\/wp-content\/uploads\/2024\/12\/Kein_Hausmuell-300x300-1.jpg\" alt=\"\" width=\"300\" height=\"300\" srcset=\"https:\/\/www.b30-batteries.eu\/wp-content\/uploads\/2024\/12\/Kein_Hausmuell-300x300-1.jpg 300w, https:\/\/www.b30-batteries.eu\/wp-content\/uploads\/2024\/12\/Kein_Hausmuell-300x300-1-150x150.jpg 150w\" sizes=\"(max-width: 300px) 100vw, 300px\" \/>Batteries and rechargeable batteries must not be disposed of with household waste; you are legally obliged to return used batteries and rechargeable batteries. Used batteries may contain harmful substances that can damage the environment or your health if they are not stored or disposed of properly. However, batteries also contain important raw materials such as iron, zinc, manganese or nickel and can be recycled. You can either send the batteries back to us after use or return them free of charge in the immediate vicinity (e.g. at retail outlets, municipal collection centres or our dispatch warehouse). Disposal at points of sale is limited to the usual quantities for end users and to used batteries that the distributor carries or has carried as new batteries in its range.<\/p>\n<p>The symbol with the crossed-out wheelie bin means that you must not dispose of batteries and rechargeable batteries in household waste. Below this symbol you will also find the following symbols with the following meanings:<\/p>\n<p>Pb: Battery contains lead<br \/>\nCd: Battery contains cadmium<br \/>\nHg: Battery contains mercury<\/p>","protected":false},"excerpt":{"rendered":"<p>Information in accordance with the Battery Act As our consignments may contain batteries and rechargeable batteries, we are obliged under the Battery Act (BattG) to inform you of the following: Batteries and rechargeable batteries may not be disposed of with household waste, but you are legally obliged to return used batteries and rechargeable batteries. Used batteries may contain harmful substances that can be harmful if not stored or [...]<\/p>","protected":false},"author":3,"featured_media":0,"parent":0,"menu_order":0,"comment_status":"closed","ping_status":"closed","template":"","meta":{"footnotes":""},"class_list":["post-450","page","type-page","status-publish","hentry"],"yoast_head":"<!-- This site is optimized with the Yoast SEO plugin v25.1 - https:\/\/yoast.com\/wordpress\/plugins\/seo\/ -->\n<title>Batteriegesetz - B30 GmbH &amp; Co. KG<\/title>\n<meta name=\"robots\" content=\"index, follow, max-snippet:-1, max-image-preview:large, max-video-preview:-1\" \/>\n<link rel=\"canonical\" href=\"https:\/\/www.b30-batteries.eu\/en\/batteriegesetz\/\" \/>\n<meta property=\"og:locale\" content=\"en_GB\" \/>\n<meta property=\"og:type\" content=\"article\" \/>\n<meta property=\"og:title\" content=\"Batteriegesetz - B30 GmbH &amp; Co. KG\" \/>\n<meta property=\"og:description\" content=\"Informationen nach dem Batteriegesetz Da in unseren Sendungen Batterien und Akkus enthalten sein k\u00f6nnen, sind wir nach dem Batteriegesetz (BattG) verpflichtet, Sie auf Folgendes hinzuweisen: Batterien und Akkus d\u00fcrfen nicht im Hausm\u00fcll entsorgt werden, sondern Sie sind zur R\u00fcckgabe gebrauchter Batterien und Akkus gesetzlich verpflichtet. Altbatterien k\u00f6nnen Schadstoffe enthalten, die bei nicht sachgem\u00e4\u00dfer Lagerung oder [&hellip;]\" \/>\n<meta property=\"og:url\" content=\"https:\/\/www.b30-batteries.eu\/en\/batteriegesetz\/\" \/>\n<meta property=\"og:site_name\" content=\"B30 GmbH &amp; Co. KG\" \/>\n<meta property=\"article:modified_time\" content=\"2024-12-11T13:55:00+00:00\" \/>\n<meta property=\"og:image\" content=\"https:\/\/www.b30-batteries.eu\/wp-content\/uploads\/2024\/12\/Kein_Hausmuell-300x300-1.jpg\" \/>\n<meta name=\"twitter:card\" content=\"summary_large_image\" \/>\n<meta name=\"twitter:label1\" content=\"Estimated reading time\" \/>\n\t<meta name=\"twitter:data1\" content=\"1 minute\" \/>\n<script type=\"application\/ld+json\" class=\"yoast-schema-graph\">{\"@context\":\"https:\/\/schema.org\",\"@graph\":[{\"@type\":\"WebPage\",\"@id\":\"https:\/\/www.b30-batteries.eu\/batteriegesetz\/\",\"url\":\"https:\/\/www.b30-batteries.eu\/batteriegesetz\/\",\"name\":\"Batteriegesetz - B30 GmbH &amp; Co. KG\",\"isPartOf\":{\"@id\":\"https:\/\/www.b30-batteries.eu\/#website\"},\"primaryImageOfPage\":{\"@id\":\"https:\/\/www.b30-batteries.eu\/batteriegesetz\/#primaryimage\"},\"image\":{\"@id\":\"https:\/\/www.b30-batteries.eu\/batteriegesetz\/#primaryimage\"},\"thumbnailUrl\":\"https:\/\/www.b30-batteries.eu\/wp-content\/uploads\/2024\/12\/Kein_Hausmuell-300x300-1.jpg\",\"datePublished\":\"2024-12-11T13:37:58+00:00\",\"dateModified\":\"2024-12-11T13:55:00+00:00\",\"breadcrumb\":{\"@id\":\"https:\/\/www.b30-batteries.eu\/batteriegesetz\/#breadcrumb\"},\"inLanguage\":\"en-GB\",\"potentialAction\":[{\"@type\":\"ReadAction\",\"target\":[\"https:\/\/www.b30-batteries.eu\/batteriegesetz\/\"]}]},{\"@type\":\"ImageObject\",\"inLanguage\":\"en-GB\",\"@id\":\"https:\/\/www.b30-batteries.eu\/batteriegesetz\/#primaryimage\",\"url\":\"https:\/\/www.b30-batteries.eu\/wp-content\/uploads\/2024\/12\/Kein_Hausmuell-300x300-1.jpg\",\"contentUrl\":\"https:\/\/www.b30-batteries.eu\/wp-content\/uploads\/2024\/12\/Kein_Hausmuell-300x300-1.jpg\"},{\"@type\":\"BreadcrumbList\",\"@id\":\"https:\/\/www.b30-batteries.eu\/batteriegesetz\/#breadcrumb\",\"itemListElement\":[{\"@type\":\"ListItem\",\"position\":1,\"name\":\"Startseite\",\"item\":\"https:\/\/www.b30-batteries.eu\/\"},{\"@type\":\"ListItem\",\"position\":2,\"name\":\"Batteriegesetz\"}]},{\"@type\":\"WebSite\",\"@id\":\"https:\/\/www.b30-batteries.eu\/#website\",\"url\":\"https:\/\/www.b30-batteries.eu\/\",\"name\":\"B30 GmbH & Co. KG\",\"description\":\"Individuelle Batterie- &amp; Akku-Konfektionierung\",\"publisher\":{\"@id\":\"https:\/\/www.b30-batteries.eu\/#organization\"},\"potentialAction\":[{\"@type\":\"SearchAction\",\"target\":{\"@type\":\"EntryPoint\",\"urlTemplate\":\"https:\/\/www.b30-batteries.eu\/?s={search_term_string}\"},\"query-input\":{\"@type\":\"PropertyValueSpecification\",\"valueRequired\":true,\"valueName\":\"search_term_string\"}}],\"inLanguage\":\"en-GB\"},{\"@type\":\"Organization\",\"@id\":\"https:\/\/www.b30-batteries.eu\/#organization\",\"name\":\"B30 GmbH & Co. KG\",\"url\":\"https:\/\/www.b30-batteries.eu\/\",\"logo\":{\"@type\":\"ImageObject\",\"inLanguage\":\"en-GB\",\"@id\":\"https:\/\/www.b30-batteries.eu\/#\/schema\/logo\/image\/\",\"url\":\"https:\/\/www.b30-batteries.eu\/wp-content\/uploads\/2024\/12\/Logo_B30-NEU.png\",\"contentUrl\":\"https:\/\/www.b30-batteries.eu\/wp-content\/uploads\/2024\/12\/Logo_B30-NEU.png\",\"width\":350,\"height\":175,\"caption\":\"B30 GmbH & Co. KG\"},\"image\":{\"@id\":\"https:\/\/www.b30-batteries.eu\/#\/schema\/logo\/image\/\"}}]}<\/script>\n<!-- \/ Yoast SEO plugin. -->","yoast_head_json":{"title":"Batteriegesetz - B30 GmbH &amp; Co. KG","robots":{"index":"index","follow":"follow","max-snippet":"max-snippet:-1","max-image-preview":"max-image-preview:large","max-video-preview":"max-video-preview:-1"},"canonical":"https:\/\/www.b30-batteries.eu\/en\/batteriegesetz\/","og_locale":"en_GB","og_type":"article","og_title":"Batteriegesetz - B30 GmbH &amp; Co. KG","og_description":"Informationen nach dem Batteriegesetz Da in unseren Sendungen Batterien und Akkus enthalten sein k\u00f6nnen, sind wir nach dem Batteriegesetz (BattG) verpflichtet, Sie auf Folgendes hinzuweisen: Batterien und Akkus d\u00fcrfen nicht im Hausm\u00fcll entsorgt werden, sondern Sie sind zur R\u00fcckgabe gebrauchter Batterien und Akkus gesetzlich verpflichtet. Altbatterien k\u00f6nnen Schadstoffe enthalten, die bei nicht sachgem\u00e4\u00dfer Lagerung oder [&hellip;]","og_url":"https:\/\/www.b30-batteries.eu\/en\/batteriegesetz\/","og_site_name":"B30 GmbH &amp; Co. KG","article_modified_time":"2024-12-11T13:55:00+00:00","og_image":[{"url":"https:\/\/www.b30-batteries.eu\/wp-content\/uploads\/2024\/12\/Kein_Hausmuell-300x300-1.jpg","type":"","width":"","height":""}],"twitter_card":"summary_large_image","twitter_misc":{"Estimated reading time":"1 minute"},"schema":{"@context":"https:\/\/schema.org","@graph":[{"@type":"WebPage","@id":"https:\/\/www.b30-batteries.eu\/batteriegesetz\/","url":"https:\/\/www.b30-batteries.eu\/batteriegesetz\/","name":"Batteriegesetz - B30 GmbH &amp; Co. KG","isPartOf":{"@id":"https:\/\/www.b30-batteries.eu\/#website"},"primaryImageOfPage":{"@id":"https:\/\/www.b30-batteries.eu\/batteriegesetz\/#primaryimage"},"image":{"@id":"https:\/\/www.b30-batteries.eu\/batteriegesetz\/#primaryimage"},"thumbnailUrl":"https:\/\/www.b30-batteries.eu\/wp-content\/uploads\/2024\/12\/Kein_Hausmuell-300x300-1.jpg","datePublished":"2024-12-11T13:37:58+00:00","dateModified":"2024-12-11T13:55:00+00:00","breadcrumb":{"@id":"https:\/\/www.b30-batteries.eu\/batteriegesetz\/#breadcrumb"},"inLanguage":"en-GB","potentialAction":[{"@type":"ReadAction","target":["https:\/\/www.b30-batteries.eu\/batteriegesetz\/"]}]},{"@type":"ImageObject","inLanguage":"en-GB","@id":"https:\/\/www.b30-batteries.eu\/batteriegesetz\/#primaryimage","url":"https:\/\/www.b30-batteries.eu\/wp-content\/uploads\/2024\/12\/Kein_Hausmuell-300x300-1.jpg","contentUrl":"https:\/\/www.b30-batteries.eu\/wp-content\/uploads\/2024\/12\/Kein_Hausmuell-300x300-1.jpg"},{"@type":"BreadcrumbList","@id":"https:\/\/www.b30-batteries.eu\/batteriegesetz\/#breadcrumb","itemListElement":[{"@type":"ListItem","position":1,"name":"Startseite","item":"https:\/\/www.b30-batteries.eu\/"},{"@type":"ListItem","position":2,"name":"Batteriegesetz"}]},{"@type":"WebSite","@id":"https:\/\/www.b30-batteries.eu\/#website","url":"https:\/\/www.b30-batteries.eu\/","name":"B30 GmbH & Co. KG","description":"Individuelle Batterie- &amp; Akku-Konfektionierung","publisher":{"@id":"https:\/\/www.b30-batteries.eu\/#organization"},"potentialAction":[{"@type":"SearchAction","target":{"@type":"EntryPoint","urlTemplate":"https:\/\/www.b30-batteries.eu\/?s={search_term_string}"},"query-input":{"@type":"PropertyValueSpecification","valueRequired":true,"valueName":"search_term_string"}}],"inLanguage":"en-GB"},{"@type":"Organization","@id":"https:\/\/www.b30-batteries.eu\/#organization","name":"B30 GmbH & Co. KG","url":"https:\/\/www.b30-batteries.eu\/","logo":{"@type":"ImageObject","inLanguage":"en-GB","@id":"https:\/\/www.b30-batteries.eu\/#\/schema\/logo\/image\/","url":"https:\/\/www.b30-batteries.eu\/wp-content\/uploads\/2024\/12\/Logo_B30-NEU.png","contentUrl":"https:\/\/www.b30-batteries.eu\/wp-content\/uploads\/2024\/12\/Logo_B30-NEU.png","width":350,"height":175,"caption":"B30 GmbH & Co. KG"},"image":{"@id":"https:\/\/www.b30-batteries.eu\/#\/schema\/logo\/image\/"}}]}},"_links":{"self":[{"href":"https:\/\/www.b30-batteries.eu\/en\/wp-json\/wp\/v2\/pages\/450"}],"collection":[{"href":"https:\/\/www.b30-batteries.eu\/en\/wp-json\/wp\/v2\/pages"}],"about":[{"href":"https:\/\/www.b30-batteries.eu\/en\/wp-json\/wp\/v2\/types\/page"}],"author":[{"embeddable":true,"href":"https:\/\/www.b30-batteries.eu\/en\/wp-json\/wp\/v2\/users\/3"}],"replies":[{"embeddable":true,"href":"https:\/\/www.b30-batteries.eu\/en\/wp-json\/wp\/v2\/comments?post=450"}],"version-history":[{"count":7,"href":"https:\/\/www.b30-batteries.eu\/en\/wp-json\/wp\/v2\/pages\/450\/revisions"}],"predecessor-version":[{"id":458,"href":"https:\/\/www.b30-batteries.eu\/en\/wp-json\/wp\/v2\/pages\/450\/revisions\/458"}],"wp:attachment":[{"href":"https:\/\/www.b30-batteries.eu\/en\/wp-json\/wp\/v2\/media?parent=450"}],"curies":[{"name":"wp","href":"https:\/\/api.w.org\/{rel}","templated":true}]}}